{"id":282,"date":"2024-09-05T08:31:39","date_gmt":"2024-09-05T08:31:39","guid":{"rendered":"https:\/\/www.ailegelisimatolyesi-akademi.com\/?post_type=product&#038;p=282"},"modified":"2025-09-11T19:24:33","modified_gmt":"2025-09-11T19:24:33","slug":"ileri-duzey-zihin-kurami-calisma-kitabi-dolayli-anlatim","status":"publish","type":"product","link":"https:\/\/www.ailegelisimatolyesi-akademi.com\/index.php\/urun\/ileri-duzey-zihin-kurami-calisma-kitabi-dolayli-anlatim\/","title":{"rendered":"\u0130leri D\u00fczey Zihin Kuram\u0131 \u00c7al\u0131\u015fma Kitab\u0131 &#8211; Dolayl\u0131 Anlat\u0131m"},"content":{"rendered":"<p>Yazar: Alev G\u0130RL\u0130<br \/>\nYay\u0131nevi: Prinobarys Aile Geli\u015fim At\u00f6lyesi Yay\u0131nlar\u0131<br \/>\nISBN: 978-605-73716-1-4<br \/>\nBas\u0131m Y\u0131l\u0131: 2023<br \/>\nBask\u0131 Say\u0131s\u0131: 1. Bask\u0131<br \/>\nDil: T\u00fcrk\u00e7e<br \/>\n72 sayfa, 19,5X 27 cm<\/p>\n","protected":false},"excerpt":{"rendered":"<p>Yazar: Alev G\u0130RL\u0130 Yay\u0131nevi: Prinobarys Aile Geli\u015fim At\u00f6lyesi Yay\u0131nlar\u0131 ISBN: 978-605-73716-1-4 Bas\u0131m Y\u0131l\u0131: 2023 Bask\u0131 Say\u0131s\u0131: 1. Bask\u0131 Dil: T\u00fcrk\u00e7e 72 sayfa, [&hellip;]<\/p>\n","protected":false},"featured_media":286,"comment_status":"open","ping_status":"closed","template":"","meta":{"_price":"300","_stock":"","_tribe_ticket_header":"","_tribe_default_ticket_provider":"","_tribe_ticket_capacity":"4","_ticket_start_date":"","_ticket_end_date":"","_tribe_ticket_show_description":"","_tribe_ticket_show_not_going":false,"_tribe_ticket_use_global_stock":"","_tribe_ticket_global_stock_level":"","_global_stock_mode":"","_global_stock_cap":"","_tribe_rsvp_for_event":"","_tribe_ticket_going_count":"","_tribe_ticket_not_going_count":"","_tribe_tickets_list":"[]","_tribe_ticket_has_attendee_info_fields":false,"_themeisle_gutenberg_block_has_review":false},"product_brand":[],"product_cat":[23],"product_tag":[20],"class_list":{"0":"post-282","1":"product","2":"type-product","3":"status-publish","4":"has-post-thumbnail","6":"product_cat-kitap","7":"product_tag-kitaplar","8":"product_shipping_class-kitaplar","10":"first","11":"instock","12":"taxable","13":"shipping-taxable","14":"purchasable","15":"product-type-simple"},"_links":{"self":[{"href":"https:\/\/www.ailegelisimatolyesi-akademi.com\/index.php\/wp-json\/wp\/v2\/product\/282","targetHints":{"allow":["GET"]}}],"collection":[{"href":"https:\/\/www.ailegelisimatolyesi-akademi.com\/index.php\/wp-json\/wp\/v2\/product"}],"about":[{"href":"https:\/\/www.ailegelisimatolyesi-akademi.com\/index.php\/wp-json\/wp\/v2\/types\/product"}],"replies":[{"embeddable":true,"href":"https:\/\/www.ailegelisimatolyesi-akademi.com\/index.php\/wp-json\/wp\/v2\/comments?post=282"}],"wp:featuredmedia":[{"embeddable":true,"href":"https:\/\/www.ailegelisimatolyesi-akademi.com\/index.php\/wp-json\/wp\/v2\/media\/286"}],"wp:attachment":[{"href":"https:\/\/www.ailegelisimatolyesi-akademi.com\/index.php\/wp-json\/wp\/v2\/media?parent=282"}],"wp:term":[{"taxonomy":"product_brand","embeddable":true,"href":"https:\/\/www.ailegelisimatolyesi-akademi.com\/index.php\/wp-json\/wp\/v2\/product_brand?post=282"},{"taxonomy":"product_cat","embeddable":true,"href":"https:\/\/www.ailegelisimatolyesi-akademi.com\/index.php\/wp-json\/wp\/v2\/product_cat?post=282"},{"taxonomy":"product_tag","embeddable":true,"href":"https:\/\/www.ailegelisimatolyesi-akademi.com\/index.php\/wp-json\/wp\/v2\/product_tag?post=282"}],"curies":[{"name":"wp","href":"https:\/\/api.w.org\/{rel}","templated":true}]}}