{"id":2519,"date":"2025-11-04T18:24:35","date_gmt":"2025-11-04T18:24:35","guid":{"rendered":"https:\/\/www.ailegelisimatolyesi-akademi.com\/?post_type=product&#038;p=2519"},"modified":"2025-12-09T10:26:11","modified_gmt":"2025-12-09T10:26:11","slug":"supervizyon-zihin-kurami-ve-sosyal-becerilerin-degerlendirilmesi","status":"publish","type":"product","link":"https:\/\/www.ailegelisimatolyesi-akademi.com\/index.php\/urun\/supervizyon-zihin-kurami-ve-sosyal-becerilerin-degerlendirilmesi\/","title":{"rendered":"S\u00dcPERV\u0130ZYON\/ Zihin Kuram\u0131 ve Sosyal Becerilerin De\u011ferlendirilmesi"},"content":{"rendered":"<p><strong>KAPSAM<\/strong><\/p>\n<ul class=\"wp-block-list\">\n<li><strong>DE\u011eERLEND\u0130RME S\u00dcREC\u0130 S\u00dcPERV\u0130ZYONU\/ TESTLER\u0130N UYGULANMASI VE RAPORLA\u015eTIRILMASI<\/strong><\/li>\n<\/ul>\n<p>S\u00fcpervizyon tarihindenen ge\u00e7 B\u0130R HAFTA \u00d6NCE (15 aral\u0131k)\u00a0 a\u015fa\u011f\u0131da \u00f6zellikleri a\u00e7\u0131klanan rapor ve videolar\u0131n g\u00f6nderilmesi gerekmektedir.<\/p>\n<p>Testlerin uyguland\u0131\u011f\u0131 olgu (\u00e7ocuk\/birey) ile ilgili<\/p>\n<p><strong>a)<\/strong> \u00c7ocu\u011fun d\u00fczeyine uygun olan testlerden, zihin kuram\u0131n\u0131n bili\u015fsel boyutu i\u00e7in 2 ve duygusal\/emosyonel boyutlar\u0131 i\u00e7in 2 test uygulamas\u0131n\u0131n 5-10 dakikay\u0131 ge\u00e7meyen video \u00e7ekimi (videoda \u00e7ocu\u011fun de\u011fil e\u011fitimcinin ve materyalin g\u00f6r\u00fcnmesi \u00f6nemlidir)<\/p>\n<p><strong>b)<\/strong> De\u011ferlendirme raporu (a\u015fa\u011f\u0131da yer alan bilgileri i\u00e7erecek \u015fekilde) haz\u0131rlanmal\u0131d\u0131r<\/p>\n<ul class=\"wp-block-list\">\n<li>Aile ile g\u00f6r\u00fc\u015fme s\u00fcrecinde al\u0131nan, \u00e7ocukla ilgili demografik ve tan\u0131sal bilgiler<\/li>\n<li>Ailenin doldurmu\u015f oldu\u011fu \u201cSOSYAL BECER\u0130 FORMU ve EMPAT\u0130 TEST\u0130\u201d nin sonu\u00e7lar\u0131<\/li>\n<li>Sizin taraf\u0131n\u0131zdan uygulanan t\u00fcm \u201cZihin Kuram\u0131 Test\u201dlerinin sonu\u00e7lar\u0131<\/li>\n<li>Hedeflenen beceriler<\/li>\n<\/ul>\n<p>Video ve de\u011ferlendirme raporu d\u0131\u015f\u0131nda dok\u00fcman (test yan\u0131t formlar\u0131, sosyal beceri ve empati formlar\u0131, vb) g\u00f6ndermeyiniz.<\/p>\n<p><strong>KATILIM KO\u015eULLARI:<\/strong><\/p>\n<p>Bu s\u00fcpervizyon daha \u00f6nce Alev Girli taraf\u0131ndan ger\u00e7ekle\u015ftirilen &#8220;Zihin Kuram\u0131 ve Sosyal Beceriler&#8221; e\u011fitimine kat\u0131lanlara y\u00f6neliktir. S\u00fcpervizyon bedeli kdv dahil 2000 TL&#8217;dir. Web sitesi \u00fczerinden \u00f6demenizi ger\u00e7ekle\u015ftirdikten sonra zihinkuram\u0131.akademi@gmail adresine video ve raporunuzu iletiniz.<\/p>\n<p><strong>TAR\u0130H VE S\u00dcRE<\/strong><\/p>\n<p>22 Aral\u0131k 2025 Pazartesi saat 20.00- 23.00<\/p>\n<p>Toplam 3 saattir ve online olarak ger\u00e7ekle\u015ftirilecektir.<\/p>\n<p>&nbsp;<\/p>\n<p>&nbsp;<\/p>\n<p>&nbsp;<\/p>\n<p>&nbsp;<\/p>\n","protected":false},"excerpt":{"rendered":"<p>KAPSAM DE\u011eERLEND\u0130RME S\u00dcREC\u0130 S\u00dcPERV\u0130ZYONU\/ TESTLER\u0130N UYGULANMASI VE RAPORLA\u015eTIRILMASI S\u00fcpervizyon tarihindenen ge\u00e7 B\u0130R HAFTA \u00d6NCE (15 aral\u0131k)\u00a0 a\u015fa\u011f\u0131da \u00f6zellikleri a\u00e7\u0131klanan rapor ve videolar\u0131n [&hellip;]<\/p>\n","protected":false},"featured_media":2520,"comment_status":"open","ping_status":"closed","template":"","meta":{"_price":"2000","_stock":"0","_tribe_ticket_header":"","_tribe_default_ticket_provider":"","_tribe_ticket_capacity":"0","_ticket_start_date":"","_ticket_end_date":"","_tribe_ticket_show_description":"","_tribe_ticket_show_not_going":false,"_tribe_ticket_use_global_stock":"","_tribe_ticket_global_stock_level":"","_global_stock_mode":"","_global_stock_cap":"","_tribe_rsvp_for_event":"","_tribe_ticket_going_count":"","_tribe_ticket_not_going_count":"","_tribe_tickets_list":"[]","_tribe_ticket_has_attendee_info_fields":false,"_themeisle_gutenberg_block_has_review":false},"product_brand":[],"product_cat":[21,19],"product_tag":[22],"class_list":{"0":"post-2519","1":"product","2":"type-product","3":"status-publish","4":"has-post-thumbnail","6":"product_cat-egitim","7":"product_cat-genel","8":"product_tag-egitim","9":"product_shipping_class-egitimler","11":"first","12":"outofstock","13":"taxable","14":"shipping-taxable","15":"purchasable","16":"product-type-simple"},"_links":{"self":[{"href":"https:\/\/www.ailegelisimatolyesi-akademi.com\/index.php\/wp-json\/wp\/v2\/product\/2519","targetHints":{"allow":["GET"]}}],"collection":[{"href":"https:\/\/www.ailegelisimatolyesi-akademi.com\/index.php\/wp-json\/wp\/v2\/product"}],"about":[{"href":"https:\/\/www.ailegelisimatolyesi-akademi.com\/index.php\/wp-json\/wp\/v2\/types\/product"}],"replies":[{"embeddable":true,"href":"https:\/\/www.ailegelisimatolyesi-akademi.com\/index.php\/wp-json\/wp\/v2\/comments?post=2519"}],"wp:featuredmedia":[{"embeddable":true,"href":"https:\/\/www.ailegelisimatolyesi-akademi.com\/index.php\/wp-json\/wp\/v2\/media\/2520"}],"wp:attachment":[{"href":"https:\/\/www.ailegelisimatolyesi-akademi.com\/index.php\/wp-json\/wp\/v2\/media?parent=2519"}],"wp:term":[{"taxonomy":"product_brand","embeddable":true,"href":"https:\/\/www.ailegelisimatolyesi-akademi.com\/index.php\/wp-json\/wp\/v2\/product_brand?post=2519"},{"taxonomy":"product_cat","embeddable":true,"href":"https:\/\/www.ailegelisimatolyesi-akademi.com\/index.php\/wp-json\/wp\/v2\/product_cat?post=2519"},{"taxonomy":"product_tag","embeddable":true,"href":"https:\/\/www.ailegelisimatolyesi-akademi.com\/index.php\/wp-json\/wp\/v2\/product_tag?post=2519"}],"curies":[{"name":"wp","href":"https:\/\/api.w.org\/{rel}","templated":true}]}}