{"id":1924,"date":"2025-08-08T09:29:15","date_gmt":"2025-08-08T09:29:15","guid":{"rendered":"https:\/\/www.ailegelisimatolyesi-akademi.com\/?post_type=product&#038;p=1924"},"modified":"2026-04-19T11:13:35","modified_gmt":"2026-04-19T11:13:35","slug":"zihin-kurami-ve-sosyal-beceriler-uygulayici-egitimi-mayis-2026-egitimi","status":"publish","type":"product","link":"https:\/\/www.ailegelisimatolyesi-akademi.com\/index.php\/urun\/zihin-kurami-ve-sosyal-beceriler-uygulayici-egitimi-mayis-2026-egitimi\/","title":{"rendered":"Zihin Kuram\u0131 ve Sosyal Beceriler Uygulay\u0131c\u0131 E\u011fitimi (MAYIS 2026 E\u011e\u0130T\u0130M\u0130)"},"content":{"rendered":"<h1><strong>ERKEN KAYIT !!!<\/strong><\/h1>\n<p><strong>AMA\u00c7<\/strong><br \/>\nBu e\u011fitimin amac\u0131, n\u00f6rogeli\u015fimsel farkl\u0131l\u0131klar\u0131 olan otizm, \u00f6zel \u00f6\u011frenme g\u00fc\u00e7l\u00fc\u011f\u00fc, dikkat eksikli\u011fi ve hiperaktivite \u00f6zellikleri olan bireylerle \u00e7al\u0131\u015fan meslek elemanlar\u0131n\u0131n, bireylerin de\u011fi\u015fik d\u00fczeylerde ya\u015fad\u0131\u011f\u0131 zihin kuram\u0131 ve sosyal beceri sorunlar\u0131n\u0131n nedenleri konusunda kuramsal bir temele sahip olmas\u0131, zihin kuram\u0131 ve sosyal beceri de\u011ferlendirme ara\u00e7lar\u0131n\u0131 ve uygun \u00f6\u011fretimsel m\u00fcdahale tekniklerini kullanabilme becerilerini geli\u015ftirmektir. E\u011fitim d\u00f6rt mod\u00fclden olu\u015fmaktad\u0131r.<\/p>\n<p>Mod\u00fcl I (ZK- 101\/ 5 SAAT): \u201cZihin Kuram\u0131 ve Sosyal Becerilerin Geli\u015fimi\u201d \/ Kuramsal Temel<br \/>\nMod\u00fcl II (ZK- 102\/ 9 SAAT): \u201cZihin Kuram\u0131 ve Sosyal Becerilerin De\u011ferlendirilmesi\u201d<br \/>\nMod\u00fcl III (ZK- 201\/ 5 SAAT): \u201cZihin Kuram\u0131 ve Sosyal Becerilerin \u00d6\u011fretiminde Kullan\u0131lan Etkili Y\u00f6ntemler<br \/>\nMod\u00fcl IV (ZK- 202\/ 9 SAAT): \u201cZihin Kuram\u0131 ve Sosyal Becerilerin \u201cYa\u015f D\u00fczeylerine g\u00f6re \u00d6\u011fretimi\u201d<\/p>\n<p>&nbsp;<\/p>\n<p><strong>E\u011e\u0130T\u0130M TAR\u0130HLER\u0130 VE S\u00dcRE<\/strong><br \/>\nE\u011fitim toplam 28 saattir.<\/p>\n<p>10 MAYIS 2026\/ PAZAR\/ 10.00-17.00<br \/>\n11 MAYIS 2026\/ PAZARTES\u0130\/ 10.00-17.00<br \/>\n17 MAYIS 2026\/ PAZAR\/ 10.00-17.00<br \/>\n18 MAYIS 2026\/ PAZARTES\u0130\/ 10.00-17.00<\/p>\n<p><strong>KATILIM \u00dcCRET\u0130 ve KAYIT<\/strong><\/p>\n<p>Toplam \u00fccret ERKEN KAYIT \u0130ND\u0130R\u0130M\u0130 ile (15 Nisan 2026 tarihine kadar) KDV dahil 23.400,00 TL&#8217;dir.<\/p>\n<p>E\u011fitim \u00fccretine &#8220;Zihin Kuram\u0131 Test Materyalleri Seti&#8221; ve &#8220;Sosyal Beceriler ve Zihin Kuram\u0131&#8221; kitab\u0131 dahildir.<\/p>\n<p>E\u011fitim \u00fccreti s\u00fcpervizyon bedelini i\u00e7ermemektedir.<\/p>\n<p>S\u00dcPERV\u0130ZYON takvimi ve \u00fccretleri ayr\u0131ca ilan edilir.<\/p>\n<p><strong>E\u011fitime kay\u0131t yapt\u0131rmadan \u00f6nce l\u00fctfen a\u015fa\u011f\u0131daki formu doldurunuz:<\/strong><\/p>\n<p><a href=\"https:\/\/docs.google.com\/forms\/d\/e\/1FAIpQLSeJkneVx3WM3rCrqkChMlLhVeeUeY4sjry1POCxCne8oqGLPA\/viewform?usp=sf_link\" target=\"_blank\" rel=\"noopener\">KAYIT FORMU<\/a><\/p>\n<p>&nbsp;<\/p>\n","protected":false},"excerpt":{"rendered":"<p>ERKEN KAYIT !!! AMA\u00c7 Bu e\u011fitimin amac\u0131, n\u00f6rogeli\u015fimsel farkl\u0131l\u0131klar\u0131 olan otizm, \u00f6zel \u00f6\u011frenme g\u00fc\u00e7l\u00fc\u011f\u00fc, dikkat eksikli\u011fi ve hiperaktivite \u00f6zellikleri olan bireylerle \u00e7al\u0131\u015fan [&hellip;]<\/p>\n","protected":false},"featured_media":3259,"comment_status":"open","ping_status":"closed","template":"","meta":{"_price":"23400","_stock":"45","_tribe_ticket_header":"","_tribe_default_ticket_provider":"","_tribe_ticket_capacity":"25","_ticket_start_date":"","_ticket_end_date":"","_tribe_ticket_show_description":"","_tribe_ticket_show_not_going":false,"_tribe_ticket_use_global_stock":"","_tribe_ticket_global_stock_level":"","_global_stock_mode":"","_global_stock_cap":"","_tribe_rsvp_for_event":"","_tribe_ticket_going_count":"","_tribe_ticket_not_going_count":"","_tribe_tickets_list":"[]","_tribe_ticket_has_attendee_info_fields":false,"_themeisle_gutenberg_block_has_review":false},"product_brand":[],"product_cat":[21],"product_tag":[22],"class_list":{"0":"post-1924","1":"product","2":"type-product","3":"status-publish","4":"has-post-thumbnail","6":"product_cat-egitim","7":"product_tag-egitim","8":"product_shipping_class-egitimler","10":"first","11":"instock","12":"purchasable","13":"product-type-simple"},"_links":{"self":[{"href":"https:\/\/www.ailegelisimatolyesi-akademi.com\/index.php\/wp-json\/wp\/v2\/product\/1924","targetHints":{"allow":["GET"]}}],"collection":[{"href":"https:\/\/www.ailegelisimatolyesi-akademi.com\/index.php\/wp-json\/wp\/v2\/product"}],"about":[{"href":"https:\/\/www.ailegelisimatolyesi-akademi.com\/index.php\/wp-json\/wp\/v2\/types\/product"}],"replies":[{"embeddable":true,"href":"https:\/\/www.ailegelisimatolyesi-akademi.com\/index.php\/wp-json\/wp\/v2\/comments?post=1924"}],"wp:featuredmedia":[{"embeddable":true,"href":"https:\/\/www.ailegelisimatolyesi-akademi.com\/index.php\/wp-json\/wp\/v2\/media\/3259"}],"wp:attachment":[{"href":"https:\/\/www.ailegelisimatolyesi-akademi.com\/index.php\/wp-json\/wp\/v2\/media?parent=1924"}],"wp:term":[{"taxonomy":"product_brand","embeddable":true,"href":"https:\/\/www.ailegelisimatolyesi-akademi.com\/index.php\/wp-json\/wp\/v2\/product_brand?post=1924"},{"taxonomy":"product_cat","embeddable":true,"href":"https:\/\/www.ailegelisimatolyesi-akademi.com\/index.php\/wp-json\/wp\/v2\/product_cat?post=1924"},{"taxonomy":"product_tag","embeddable":true,"href":"https:\/\/www.ailegelisimatolyesi-akademi.com\/index.php\/wp-json\/wp\/v2\/product_tag?post=1924"}],"curies":[{"name":"wp","href":"https:\/\/api.w.org\/{rel}","templated":true}]}}