{"id":1408,"date":"2025-04-27T21:11:36","date_gmt":"2025-04-27T21:11:36","guid":{"rendered":"https:\/\/www.ailegelisimatolyesi-akademi.com\/?post_type=product&#038;p=1408"},"modified":"2026-04-12T07:19:07","modified_gmt":"2026-04-12T07:19:07","slug":"ileri-duzey-zihin-kurami-calisma-kitabi-3","status":"publish","type":"product","link":"https:\/\/www.ailegelisimatolyesi-akademi.com\/index.php\/urun\/ileri-duzey-zihin-kurami-calisma-kitabi-3\/","title":{"rendered":"\u0130leri D\u00fczey Zihin Kuram\u0131 \u00c7al\u0131\u015fma Kitab\u0131 &#8211; 3"},"content":{"rendered":"<p>\u0130LER\u0130 D\u00dcZEY Z\u0130H\u0130N KURAMI \u00c7ALI\u015eMA K\u0130TABI-3 \/ Beden Dili- S\u00f6zs\u00fcz \u0130leti\u015fim<br \/>\nYazar: Alev G\u0130RL\u0130<br \/>\nYay\u0131nevi: Prinobarys Aile Geli\u015fim At\u00f6lyesi Yay\u0131nlar\u0131<br \/>\nISBN: 978-605-73716-4-5<br \/>\nBas\u0131m Y\u0131l\u0131: 2025<br \/>\nBask\u0131 Say\u0131s\u0131: 1. Bask\u0131<br \/>\nDil: T\u00fcrk\u00e7e<br \/>\nRenkli Bask\u0131<br \/>\n197 sayfa, 19,5X 27 cm<\/p>\n<p>\u00d6NS\u00d6Z\u2019den:<br \/>\n\u201c<\/p>\n<p>\u0130leri d\u00fczey duygular ve zihin kuram\u0131 becerilerinin \u00f6\u011fretimi i\u00e7in \u00e7al\u0131\u015fma materyali sa\u011flamak amac\u0131yla ba\u015flad\u0131\u011f\u0131m serinin \u00fc\u00e7\u00fcnc\u00fc kitab\u0131 olarak \u201cD\u0130\u011eER\u0130N\u0130N DUYGULARINI ANLAMAK II\u201d <strong>beden dilinden duygular\u0131 anlamaya<\/strong> odaklan\u0131yor. Bu \u00e7al\u0131\u015fma kitab\u0131 ile \u201cD\u0130\u011eER\u0130N\u0130N DUYGULARINI ANLAMAK I\u201d kitab\u0131nda yer alan \u201cY\u00fcz \u0130fadelerinden Duygular\u0131 Anlamak\u201d ile ba\u015flayan \u201cileri d\u00fczey duygular\u0131 tan\u0131ma\u201d \u00e7al\u0131\u015fma kitaplar\u0131 tamamlanm\u0131\u015f olacak.\u201d<\/p>\n","protected":false},"excerpt":{"rendered":"<h1 class=\"product_title entry-title\">\u00a0\u0130leri D\u00fczey- Karma\u015f\u0131k- D\u00fc\u015f\u00fcnce Temelli Duygular<\/h1>\n","protected":false},"featured_media":1409,"comment_status":"open","ping_status":"closed","template":"","meta":{"_price":"515","_stock":"936","_tribe_ticket_header":"","_tribe_default_ticket_provider":"","_tribe_ticket_capacity":"2","_ticket_start_date":"","_ticket_end_date":"","_tribe_ticket_show_description":"","_tribe_ticket_show_not_going":false,"_tribe_ticket_use_global_stock":"","_tribe_ticket_global_stock_level":"","_global_stock_mode":"","_global_stock_cap":"","_tribe_rsvp_for_event":"","_tribe_ticket_going_count":"","_tribe_ticket_not_going_count":"","_tribe_tickets_list":"[]","_tribe_ticket_has_attendee_info_fields":false,"_themeisle_gutenberg_block_has_review":false},"product_brand":[],"product_cat":[23],"product_tag":[20],"class_list":{"0":"post-1408","1":"product","2":"type-product","3":"status-publish","4":"has-post-thumbnail","6":"product_cat-kitap","7":"product_tag-kitaplar","8":"product_shipping_class-kitaplar","10":"first","11":"instock","12":"taxable","13":"shipping-taxable","14":"purchasable","15":"product-type-simple"},"_links":{"self":[{"href":"https:\/\/www.ailegelisimatolyesi-akademi.com\/index.php\/wp-json\/wp\/v2\/product\/1408","targetHints":{"allow":["GET"]}}],"collection":[{"href":"https:\/\/www.ailegelisimatolyesi-akademi.com\/index.php\/wp-json\/wp\/v2\/product"}],"about":[{"href":"https:\/\/www.ailegelisimatolyesi-akademi.com\/index.php\/wp-json\/wp\/v2\/types\/product"}],"replies":[{"embeddable":true,"href":"https:\/\/www.ailegelisimatolyesi-akademi.com\/index.php\/wp-json\/wp\/v2\/comments?post=1408"}],"wp:featuredmedia":[{"embeddable":true,"href":"https:\/\/www.ailegelisimatolyesi-akademi.com\/index.php\/wp-json\/wp\/v2\/media\/1409"}],"wp:attachment":[{"href":"https:\/\/www.ailegelisimatolyesi-akademi.com\/index.php\/wp-json\/wp\/v2\/media?parent=1408"}],"wp:term":[{"taxonomy":"product_brand","embeddable":true,"href":"https:\/\/www.ailegelisimatolyesi-akademi.com\/index.php\/wp-json\/wp\/v2\/product_brand?post=1408"},{"taxonomy":"product_cat","embeddable":true,"href":"https:\/\/www.ailegelisimatolyesi-akademi.com\/index.php\/wp-json\/wp\/v2\/product_cat?post=1408"},{"taxonomy":"product_tag","embeddable":true,"href":"https:\/\/www.ailegelisimatolyesi-akademi.com\/index.php\/wp-json\/wp\/v2\/product_tag?post=1408"}],"curies":[{"name":"wp","href":"https:\/\/api.w.org\/{rel}","templated":true}]}}