{"id":1018,"date":"2025-02-13T11:43:07","date_gmt":"2025-02-13T11:43:07","guid":{"rendered":"https:\/\/www.ailegelisimatolyesi-akademi.com\/?post_type=product&#038;p=1018"},"modified":"2026-04-15T14:26:34","modified_gmt":"2026-04-15T14:26:34","slug":"ileri-duzey-zihin-kurami-calisma-kitaplari-seti","status":"publish","type":"product","link":"https:\/\/www.ailegelisimatolyesi-akademi.com\/index.php\/urun\/ileri-duzey-zihin-kurami-calisma-kitaplari-seti\/","title":{"rendered":"\u0130leri D\u00fczey Zihin Kuram\u0131 \u00c7al\u0131\u015fma Kitaplar\u0131 Seti"},"content":{"rendered":"<p>D\u00f6rt kitap birarada %10 indirimli\u2026<\/p>\n<p>\u0130LER\u0130 D\u00dcZEY Z\u0130H\u0130N KURAMI \u00c7ALI\u015eMA K\u0130TABI\/ Dolayl\u0131 Anlat\u0131m<br \/>\nYazar: Alev G\u0130RL\u0130<br \/>\nYay\u0131nevi: Prinobarys Aile Geli\u015fim At\u00f6lyesi Yay\u0131nlar\u0131<br \/>\nISBN: 978-605-73716-1-4<br \/>\nBas\u0131m Y\u0131l\u0131: 2023<br \/>\nBask\u0131 Say\u0131s\u0131: 1. Bask\u0131<br \/>\nDil: T\u00fcrk\u00e7e<br \/>\n72 sayfa, 19,5X 27 cm<\/p>\n<p>\u0130LER\u0130 D\u00dcZEY Z\u0130H\u0130N KURAMI \u00c7ALI\u015eMA K\u0130TABI-2 \/ \u0130leri D\u00fczey- Karma\u015f\u0131k- D\u00fc\u015f\u00fcnce Temelli Duygular<br \/>\nYazar: Alev G\u0130RL\u0130<br \/>\nYay\u0131nevi: Prinobarys Aile Geli\u015fim At\u00f6lyesi Yay\u0131nlar\u0131<br \/>\nISBN: 978-605-73716-2-1<br \/>\nBas\u0131m Y\u0131l\u0131: 2024<br \/>\nBask\u0131 Say\u0131s\u0131: 1. Bask\u0131<br \/>\nDil: T\u00fcrk\u00e7e<br \/>\nRenkli Bask\u0131<br \/>\n160 sayfa, 19,5X 27 cm<\/p>\n<p>\u0130LER\u0130 D\u00dcZEY Z\u0130H\u0130N KURAMI \u00c7ALI\u015eMA K\u0130TABI-3 \/ Beden Dili- S\u00f6zs\u00fcz \u0130leti\u015fim; Di\u011ferinin Duygular\u0131n\u0131 Anlamak<br \/>\nYazar: Alev G\u0130RL\u0130<br \/>\nYay\u0131nevi: Prinobarys Aile Geli\u015fim At\u00f6lyesi Yay\u0131nlar\u0131<br \/>\nISBN: 978-605-73716-4-5<br \/>\nBas\u0131m Y\u0131l\u0131: 2025<br \/>\nBask\u0131 Say\u0131s\u0131: 1. Bask\u0131<br \/>\nDil: T\u00fcrk\u00e7e<br \/>\nRenkli Bask\u0131<br \/>\n197 sayfa, 19,5X 27 cm<\/p>\n<p>\u0130LER\u0130 D\u00dcZEY Z\u0130H\u0130N KURAMI \u00c7ALI\u015eMA K\u0130TABI-4 \/ Kand\u0131rma, \u015eaka, Yalan, Beyaz Yalan, Bl\u00f6f, Gaf<br \/>\nYazar: Alev G\u0130RL\u0130<br \/>\nYay\u0131nevi: Prinobarys Aile Geli\u015fim At\u00f6lyesi Yay\u0131nlar\u0131<br \/>\nISBN: 978-605-73716-5-2<br \/>\nBas\u0131m Y\u0131l\u0131: 2025<br \/>\nBask\u0131 Say\u0131s\u0131: 1. Bask\u0131<br \/>\nDil: T\u00fcrk\u00e7e<br \/>\nRenkli Bask\u0131<br \/>\n120 sayfa, 19,5X 27 cm<\/p>\n","protected":false},"excerpt":{"rendered":"<p>Zihin Kuram\u0131 ve Sosyal Beceriler kitab\u0131 ve \u00c7al\u0131\u015fma Kitaplar\u0131 1 ve 2<\/p>\n","protected":false},"featured_media":2141,"comment_status":"open","ping_status":"closed","template":"","meta":{"_price":"1640","_stock":"346","_tribe_ticket_header":"","_tribe_default_ticket_provider":"","_tribe_ticket_capacity":"600","_ticket_start_date":"","_ticket_end_date":"","_tribe_ticket_show_description":"","_tribe_ticket_show_not_going":false,"_tribe_ticket_use_global_stock":"","_tribe_ticket_global_stock_level":"","_global_stock_mode":"","_global_stock_cap":"","_tribe_rsvp_for_event":"","_tribe_ticket_going_count":"","_tribe_ticket_not_going_count":"","_tribe_tickets_list":"[]","_tribe_ticket_has_attendee_info_fields":false,"_themeisle_gutenberg_block_has_review":false},"product_brand":[],"product_cat":[23],"product_tag":[20],"class_list":{"0":"post-1018","1":"product","2":"type-product","3":"status-publish","4":"has-post-thumbnail","6":"product_cat-kitap","7":"product_tag-kitaplar","8":"product_shipping_class-kitaplar","10":"first","11":"instock","12":"taxable","13":"shipping-taxable","14":"purchasable","15":"product-type-simple"},"_links":{"self":[{"href":"https:\/\/www.ailegelisimatolyesi-akademi.com\/index.php\/wp-json\/wp\/v2\/product\/1018","targetHints":{"allow":["GET"]}}],"collection":[{"href":"https:\/\/www.ailegelisimatolyesi-akademi.com\/index.php\/wp-json\/wp\/v2\/product"}],"about":[{"href":"https:\/\/www.ailegelisimatolyesi-akademi.com\/index.php\/wp-json\/wp\/v2\/types\/product"}],"replies":[{"embeddable":true,"href":"https:\/\/www.ailegelisimatolyesi-akademi.com\/index.php\/wp-json\/wp\/v2\/comments?post=1018"}],"wp:featuredmedia":[{"embeddable":true,"href":"https:\/\/www.ailegelisimatolyesi-akademi.com\/index.php\/wp-json\/wp\/v2\/media\/2141"}],"wp:attachment":[{"href":"https:\/\/www.ailegelisimatolyesi-akademi.com\/index.php\/wp-json\/wp\/v2\/media?parent=1018"}],"wp:term":[{"taxonomy":"product_brand","embeddable":true,"href":"https:\/\/www.ailegelisimatolyesi-akademi.com\/index.php\/wp-json\/wp\/v2\/product_brand?post=1018"},{"taxonomy":"product_cat","embeddable":true,"href":"https:\/\/www.ailegelisimatolyesi-akademi.com\/index.php\/wp-json\/wp\/v2\/product_cat?post=1018"},{"taxonomy":"product_tag","embeddable":true,"href":"https:\/\/www.ailegelisimatolyesi-akademi.com\/index.php\/wp-json\/wp\/v2\/product_tag?post=1018"}],"curies":[{"name":"wp","href":"https:\/\/api.w.org\/{rel}","templated":true}]}}