{"id":44,"date":"2024-08-26T09:52:22","date_gmt":"2024-08-26T09:52:22","guid":{"rendered":"http:\/\/www.ailegelisimatolyesi-akademi.com\/?page_id=44"},"modified":"2024-09-03T14:41:33","modified_gmt":"2024-09-03T14:41:33","slug":"teslimat-ve-iade-kosullari","status":"publish","type":"page","link":"https:\/\/www.ailegelisimatolyesi-akademi.com\/index.php\/teslimat-ve-iade-kosullari\/","title":{"rendered":"Teslimat ve \u0130ade Ko\u015fullar\u0131"},"content":{"rendered":"\n<p><strong>Teslimat ve \u0130ade Ko\u015fullar\u0131<\/strong><\/p>\n\n\n\n<p>De\u011ferli m\u00fc\u015fterilerimiz,<\/p>\n\n\n\n<p>Aile Geli\u015fim At\u00f6lyesi\u2019ni tercih etti\u011finiz i\u00e7in te\u015fekk\u00fcr ederiz.<\/p>\n\n\n\n<p>Sat\u0131n alm\u0131\u015f oldu\u011funuz \u00fcr\u00fcnler&nbsp;sistemde kay\u0131tl\u0131 e-mail \/ e-posta adresinize&nbsp;bir teyit e-posta\u2019s\u0131 ile taraf\u0131n\u0131za bildirilecektir.<br>Sipari\u015fleriniz, banka onay\u0131 al\u0131nd\u0131ktan sonra 3 i\u015f g\u00fcn\u00fc (Pazartesi-Cuma) i\u00e7erisinde kargoya teslim edilir.<\/p>\n\n\n\n<p>Teslimat adresinin merkezimize uzakl\u0131\u011f\u0131na g\u00f6re de Aras Kargo 1-3 g\u00fcn i\u00e7erisinde sipari\u015finizi size ula\u015ft\u0131racakt\u0131r.<\/p>\n\n\n\n<p>Kampanya d\u00f6nemlerinde ya da \u00f6zel durumlarda Kargo firmalar\u0131 da\u011f\u0131t\u0131m k\u0131s\u0131tlamas\u0131 yapabilece\u011finden teslimat s\u00fcre\u00e7leri uzayabilmektedir.<\/p>\n\n\n\n<p>Taraf\u0131m\u0131zdan kaynaklanan bir aksilik olmas\u0131 halinde ise size \u00fcyelik bilgilerinizden yola \u00e7\u0131k\u0131larak haber verilecektir.<br>Bu y\u00fczden \u00fcyelik bilgilerinizin eksiksiz ve do\u011fru olmas\u0131 \u00f6nemlidir. Bayram ve tatil g\u00fcnlerinde teslimat yap\u0131lmamaktad\u0131r.<\/p>\n\n\n\n<p>Se\u00e7ti\u011finiz \u00fcr\u00fcnlerin tamam\u0131 anla\u015fmal\u0131 oldu\u011fumuz&nbsp;kargo taraf\u0131ndan Aile Geli\u015fim At\u00f6lyesi garantisi ile size teslim edilecektir.<\/p>\n\n\n\n<p>Sipari\u015fleriniz taraf\u0131n\u0131za ula\u015ft\u0131\u011f\u0131nda kontrol edilerek teslim al\u0131nmas\u0131 son derece \u00f6nemlidir, Hasarl\u0131, y\u0131rt\u0131k ve deformasyona u\u011fram\u0131\u015f paketleri teslim almadan tutanak yard\u0131m\u0131yla iade edilmesi gerekmektedir.<\/p>\n\n\n\n<p>Se\u00e7ti\u011finiz \u00fcr\u00fcnlerden herhangi birinin stokta mevcut olmamas\u0131 durumunda konu ile ilgili bir e-posta size yollanacak ve \u00fcr\u00fcn\u00fcn ilk stoklara girece\u011fi tarih taraf\u0131n\u0131za bildirilecektir.<\/p>\n\n\n\n<p>Aile Geli\u015fim At\u00f6lyesi on-line al\u0131\u015fveri\u015f sitesidir. Ayn\u0131 anda birden \u00e7ok kullan\u0131c\u0131ya al\u0131\u015fveri\u015f yapma imkan\u0131 tan\u0131r. Ender de olsa t\u00fcketicinin ayn\u0131 \u00fcr\u00fcn\u00fc almas\u0131 s\u00f6z konusudur ve \u00fcr\u00fcn stoklarda t\u00fckenmektedir bu durumda ;<\/p>\n\n\n\n<p>\u00d6demesini internet \u00fczerinden yapt\u0131n\u0131z \u00fcr\u00fcn e\u011fer stoklar\u0131m\u0131zda kalmam\u0131\u015f ise en az 4 (D\u00f6rt) en fazla 30 (otuz) g\u00fcn bekleme s\u00fcresi vard\u0131r.<br>\u00dcr\u00fcn bu tarihleri aras\u0131nda t\u00fcketiciye verilemez ise yapt\u0131\u011f\u0131 \u00f6deme kendisine iade edilir.<\/p>\n\n\n\n<p><strong>\u00dcr\u00fcn \u0130ade Ko\u015fullar\u0131<br><\/strong>Sitemiz \u00fczerinden sat\u0131n ald\u0131\u011f\u0131n\u0131z \u00fcr\u00fcn\u00fcn hatal\u0131 \u00e7\u0131kmas\u0131 halinde teslimat tarihinden itibaren en ge\u00e7 7 g\u00fcn i\u00e7erisinde sayfam\u0131zdaki online destek b\u00f6l\u00fcm\u00fcnden bizimle ileti\u015fim kurman\u0131z gerekmektedir. Bu bilgileri takiben kargo \u015firketi ile bize ula\u015ft\u0131raca\u011f\u0131n\u0131z hatal\u0131 \u00fcr\u00fcn yenisi ile de\u011fi\u015ftirilecektir. Sipari\u015f edilen \u00fcr\u00fcn hatas\u0131 m\u00fc\u015fteri kullan\u0131m\u0131ndan olu\u015fmu\u015fsa veya 7 g\u00fcnl\u00fck s\u00fcre i\u00e7erisinde \u00fcr\u00fcn kullan\u0131lm\u0131\u015fsa \u00fcr\u00fcn\u00fcn iade ve de\u011fi\u015fimi yap\u0131lmaz. \u00dcr\u00fcn iadesi ve de\u011fi\u015ftirme \u015fartlar\u0131 olarak, 4077 say\u0131l\u0131 T\u00fcketicinin Korunmas\u0131 Hakk\u0131nda Kanun gere\u011fi uygulamalar esast\u0131r.<\/p>\n","protected":false},"excerpt":{"rendered":"<p>Teslimat ve \u0130ade Ko\u015fullar\u0131 De\u011ferli m\u00fc\u015fterilerimiz, Aile Geli\u015fim At\u00f6lyesi\u2019ni tercih etti\u011finiz i\u00e7in te\u015fekk\u00fcr ederiz. Sat\u0131n alm\u0131\u015f oldu\u011funuz \u00fcr\u00fcnler&nbsp;sistemde kay\u0131tl\u0131 e-mail \/ e-posta [&hellip;]<\/p>\n","protected":false},"author":1,"featured_media":0,"parent":0,"menu_order":0,"comment_status":"closed","ping_status":"closed","template":"page-templates\/page_fullwidth.php","meta":{"_price":"","_stock":"","_tribe_ticket_header":"","_tribe_default_ticket_provider":"","_tribe_ticket_capacity":"0","_ticket_start_date":"","_ticket_end_date":"","_tribe_ticket_show_description":"","_tribe_ticket_show_not_going":false,"_tribe_ticket_use_global_stock":"","_tribe_ticket_global_stock_level":"","_global_stock_mode":"","_global_stock_cap":"","_tribe_rsvp_for_event":"","_tribe_ticket_going_count":"","_tribe_ticket_not_going_count":"","_tribe_tickets_list":"[]","_tribe_ticket_has_attendee_info_fields":false,"_themeisle_gutenberg_block_has_review":false,"footnotes":"","_tec_slr_enabled":"","_tec_slr_layout":""},"class_list":["post-44","page","type-page","status-publish","hentry"],"ticketed":false,"_links":{"self":[{"href":"https:\/\/www.ailegelisimatolyesi-akademi.com\/index.php\/wp-json\/wp\/v2\/pages\/44","targetHints":{"allow":["GET"]}}],"collection":[{"href":"https:\/\/www.ailegelisimatolyesi-akademi.com\/index.php\/wp-json\/wp\/v2\/pages"}],"about":[{"href":"https:\/\/www.ailegelisimatolyesi-akademi.com\/index.php\/wp-json\/wp\/v2\/types\/page"}],"author":[{"embeddable":true,"href":"https:\/\/www.ailegelisimatolyesi-akademi.com\/index.php\/wp-json\/wp\/v2\/users\/1"}],"replies":[{"embeddable":true,"href":"https:\/\/www.ailegelisimatolyesi-akademi.com\/index.php\/wp-json\/wp\/v2\/comments?post=44"}],"version-history":[{"count":2,"href":"https:\/\/www.ailegelisimatolyesi-akademi.com\/index.php\/wp-json\/wp\/v2\/pages\/44\/revisions"}],"predecessor-version":[{"id":228,"href":"https:\/\/www.ailegelisimatolyesi-akademi.com\/index.php\/wp-json\/wp\/v2\/pages\/44\/revisions\/228"}],"wp:attachment":[{"href":"https:\/\/www.ailegelisimatolyesi-akademi.com\/index.php\/wp-json\/wp\/v2\/media?parent=44"}],"curies":[{"name":"wp","href":"https:\/\/api.w.org\/{rel}","templated":true}]}}