{"id":40,"date":"2024-08-26T09:50:47","date_gmt":"2024-08-26T09:50:47","guid":{"rendered":"http:\/\/www.ailegelisimatolyesi-akademi.com\/?page_id=40"},"modified":"2024-08-26T09:50:48","modified_gmt":"2024-08-26T09:50:48","slug":"gizlilik-politikasi","status":"publish","type":"page","link":"https:\/\/www.ailegelisimatolyesi-akademi.com\/index.php\/gizlilik-politikasi\/","title":{"rendered":"Gizlilik Politikas\u0131"},"content":{"rendered":"\n<p><strong>Gizlilik Politikas\u0131<\/strong><\/p>\n\n\n\n<p>Bu Gizlilik Politikas\u0131 veri sorumlusu s\u0131fat\u0131yla Alev Girli\/ Aile Geli\u015fim At\u00f6lyesi taraf\u0131ndan&nbsp; 6698 Say\u0131l\u0131 Ki\u015fisel Verilerin Korunmas\u0131 Kanunu (\u201cKVKK\u201d) kapsam\u0131nda&nbsp; ki\u015fisel verilerin i\u015flenmesine ili\u015fkin &nbsp;\u2018Veri Sorumlusunun Ayd\u0131nlatma Y\u00fck\u00fcml\u00fcl\u00fc\u011f\u00fc\u2019 ba\u015fl\u0131kl\u0131 10. maddesi ve \u2018\u0130lgili Ki\u015finin Haklar\u0131\u2019 ba\u015fl\u0131kl\u0131 11. maddesi \u00e7er\u00e7evesinde, ki\u015fisel verilerinizin toplanma y\u00f6ntemleri, i\u015flenmesi, kullan\u0131lmas\u0131, aktar\u0131lmas\u0131, imha edilmesi konular\u0131nda taraf\u0131n\u0131za bilgi vermek maksad\u0131yla haz\u0131rlanm\u0131\u015ft\u0131r.<\/p>\n\n\n\n<p>Aile Geli\u015fim At\u00f6lyesi, ki\u015fisel verilerinizi KVKK ile belirtilen ki\u015fisel veri i\u015fleme \u015fartlar\u0131 ve ama\u00e7lar\u0131 dahilinde<\/p>\n\n\n\n<ul class=\"wp-block-list\">\n<li>hukuka ve d\u00fcr\u00fcstl\u00fck kurallar\u0131na uygun olarak,<\/li>\n\n\n\n<li>payla\u015ft\u0131\u011f\u0131n\u0131z ki\u015fisel verilerin do\u011frulu\u011funu ve en g\u00fcncel halini koruyarak,<\/li>\n\n\n\n<li>belirli, a\u00e7\u0131k ve hukuka uygun ama\u00e7lar i\u00e7in,<\/li>\n\n\n\n<li>i\u015flenecekleri ama\u00e7la ba\u011flant\u0131l\u0131, s\u0131n\u0131rl\u0131 ve \u00f6l\u00e7\u00fcl\u00fc olacak \u015fekilde,<\/li>\n\n\n\n<li>ilgili mevzuatta \u00f6ng\u00f6r\u00fclen veya i\u015flendikleri ama\u00e7 i\u00e7in gerekli olan \u015fartlar ve ama\u00e7lar dahilinde<\/li>\n<\/ul>\n\n\n\n<p>i\u015fleyecektir.<\/p>\n\n\n\n<p><strong>Ki\u015fisel Verilerin Toplanmas\u0131, &nbsp;\u0130\u015flenen Ki\u015fisel Veriler ve Amac\u0131<\/strong><\/p>\n\n\n\n<p><strong>Toplama.<\/strong>&nbsp;Taraf\u0131n\u0131za ait Ki\u015fisel Veriler, [www.ailegelisimatolyesi.com] web sitesi \u00fczerinden yapaca\u011f\u0131n\u0131z al\u0131\u015fveri\u015f s\u0131ras\u0131nda do\u011frudan sizlerden toplanmaktad\u0131r. Verileriniz [\u25cf] \u00fczerinde saklanmaktad\u0131r.<\/p>\n\n\n\n<p><strong>\u0130\u015flenen Ki\u015fisel Veriler ve Amac\u0131.<\/strong>&nbsp;&nbsp;Aile Geli\u015fim At\u00f6lyesi ad\u0131n\u0131z\u0131, soyad\u0131n\u0131z\u0131, T.C kimlik numaran\u0131z\u0131, ileti\u015fim bilgilerinizi ve adresinizi sat\u0131n alm\u0131\u015f oldu\u011funuz \u00fcr\u00fcn\u00fcn\/\u00fcr\u00fcnlerin sat\u0131\u015f i\u015flemlerini ger\u00e7ekle\u015ftirmek ve sizlere teslim etmek \u00fczere g\u00f6nderebilmek amac\u0131yla i\u015flemektedir.<\/p>\n\n\n\n<p>Web Sitemizde<\/p>\n\n\n\n<p><strong>\u0130\u015flemenin Dayand\u0131\u011f\u0131 Hukuki Sebepler<\/strong><\/p>\n\n\n\n<p>Veri i\u015fleme, &nbsp;\u00fcr\u00fcnlerin sat\u0131n al\u0131nmas\u0131 ve sizlere g\u00f6nderilmesi amac\u0131yla KVKK\u2019n\u0131n&nbsp; 5\/2 &nbsp;maddesinin<\/p>\n\n\n\n<ul class=\"wp-block-list\">\n<li>(a) bendi uyar\u0131nca kanunlarda a\u00e7\u0131k\u00e7a \u00f6ng\u00f6r\u00fclen sebeplere,<\/li>\n\n\n\n<li>(c) bendi uyar\u0131nca s\u00f6zle\u015fmenin kurulmas\u0131 veya ifas\u0131yla do\u011frudan do\u011fruya ilgili olarak zorunlu olmas\u0131na,<\/li>\n\n\n\n<li>(\u00e7) bendi uyar\u0131nca veri sorumlusu s\u0131fat\u0131yla Aile Geli\u015fim At\u00f6lyesi\u2019in hukuki y\u00fck\u00fcml\u00fcl\u00fcklerini yerine getirebilmesi i\u00e7in zorunlu olmas\u0131na, ve<\/li>\n\n\n\n<li>(e) bendi uyar\u0131nca Aile Geli\u015fim At\u00f6lyesi\u2019in bir hakk\u0131n\u0131 tesis, korumak ve kullanmak i\u00e7in zorunlu olmas\u0131 haline<\/li>\n<\/ul>\n\n\n\n<p>dayanmaktad\u0131r.<\/p>\n\n\n\n<p>\u0130\u015fbu verilerin i\u015flenmesi r\u0131zan\u0131za tabi de\u011fildir. Bu itibarla yararlan\u0131lan hizmetin ve yasan\u0131n gerektirdi\u011fi muhafaza s\u00fcrelerinin sonuna kadar ki\u015fisel verilerinizin silinmesini veya yok edilmesini talep etme hakk\u0131na haiz olmad\u0131\u011f\u0131n\u0131z\u0131 belirtiriz.<\/p>\n\n\n\n<p><strong>Ki\u015fisel Verilerin&nbsp; \u00dc\u00e7\u00fcnc\u00fc \u015eah\u0131slara Aktar\u0131m\u0131<\/strong><\/p>\n\n\n\n<p>Aile Geli\u015fim At\u00f6lyesi, kanundan do\u011fan y\u00fck\u00fcml\u00fcl\u00fcklere uymak ve\/veya hizmet ve sat\u0131nalma&nbsp; s\u00f6zle\u015fmesi gere\u011fince sorumluluklar\u0131n\u0131 ifa etmek i\u00e7in, hukuki y\u00fck\u00fcml\u00fcl\u00fc\u011f\u00fcn\u00fc yerine getirebilmesi ve\/veya bir hakk\u0131n\u0131 tesis etme, kullanma veya koruma&nbsp; i\u00e7in zorunlu olmas\u0131 halinde r\u0131zan\u0131za ihtiya\u00e7 olmadan<\/p>\n\n\n\n<ul class=\"wp-block-list\">\n<li>sadece y\u00fck\u00fcml\u00fcl\u00fcklerin yerine getirilmesi i\u00e7in al\u0131nan hizmetle s\u0131n\u0131rl\u0131 ve bu ama\u00e7la orant\u0131l\u0131 olarak kargo \u015firketleri, bankalar, denetim firmalar\u0131, avukatlar, mali m\u00fc\u015favirler ve tedarik\u00e7iler gibi i\u015fin gerektirdi\u011fi ve\/veya hizmet ald\u0131\u011f\u0131 \u00fc\u00e7\u00fcnc\u00fc \u015fah\u0131slara, ve<\/li>\n\n\n\n<li>emniyet birimleri, adli merciler ile kanunlarla yetkili k\u0131l\u0131nan di\u011fer kamu kurumlar\u0131na<\/li>\n<\/ul>\n\n\n\n<p>aktarabilir veya a\u00e7\u0131klayabilir.<\/p>\n\n\n\n<p>T\u00fcrkiye i\u00e7erisindeki veri aktar\u0131m\u0131 KVKK\u2019n\u0131n 8\/2(a) bendine istinaden KVKK 5\/2 (a) uyar\u0131nca kanun gere\u011fi, (c) uyar\u0131nca s\u00f6zle\u015fmenin kurulmas\u0131 ve\/veya ifas\u0131 i\u00e7in zorunlu olmas\u0131, (\u00e7) uyar\u0131nca hukuki bir y\u00fck\u00fcml\u00fcl\u00fc\u011f\u00fcn yerine getirilmesi ve (e) uyar\u0131nca bir hakk\u0131n tesisi, kullan\u0131lmas\u0131 veya korunmas\u0131 i\u00e7in zorunlu olmas\u0131 halleri ile s\u0131n\u0131rl\u0131 olacakt\u0131r.<\/p>\n\n\n\n<p>T\u00fcrkiye\u2019de verilerinizin a\u00e7\u0131kland\u0131\u011f\u0131 \u00fc\u00e7\u00fcnc\u00fc ki\u015filere ve \/veya \u00fc\u00e7\u00fcnc\u00fc ki\u015fi kategorilerine ili\u015fkin bilgi her zaman bilginize ve incelemenize a\u00e7\u0131kt\u0131r.<\/p>\n\n\n\n<p>Ki\u015fisel verileriniz yurt d\u0131\u015f\u0131na aktar\u0131lmamaktad\u0131r.<\/p>\n\n\n\n<p><strong>Ki\u015fisel Verilerin Korunmas\u0131, Saklama S\u00fcresi ve \u0130mhas\u0131<\/strong><\/p>\n\n\n\n<p>Aile Geli\u015fim At\u00f6lyesi,&nbsp; ki\u015fisel verilerinizin hukuka ayk\u0131r\u0131 olarak i\u015flenmesini, ki\u015fisel verilerinize hukuka ayk\u0131r\u0131 olarak eri\u015filmesini \u00f6nlemek ve ki\u015fisel verilerinizin muhafazas\u0131n\u0131 sa\u011flamak amac\u0131yla yeterli g\u00fcvenlik d\u00fczeyini temin etmeye y\u00f6nelik her t\u00fcrl\u00fc fiziksel, teknik ve idari tedbirleri almakla y\u00fck\u00fcml\u00fcd\u00fcr ve bu tedbirleri azami \u00f6l\u00e7\u00fcde almaktad\u0131r.<\/p>\n\n\n\n<p>Ki\u015fisel verileriniz &nbsp;sat\u0131nalma i\u015flemleri i\u00e7in i\u015flenen ki\u015fisel verileriniz ise son sat\u0131nalma &nbsp;tarihinden itibaren on (10) y\u0131ll\u0131k saklama s\u00fcresinin sonuna kadar saklanmaktad\u0131r. Bu s\u00fcrenin sonunda ilk imha periyodunda ki\u015fisel verileriniz silinecek, yok edilecek veya anonim hale getirilecektir.<\/p>\n\n\n\n<p><strong>Haklar\u0131n\u0131z<\/strong><\/p>\n\n\n\n<p>Veri sahibi olarak y\u00fcr\u00fcrl\u00fckteki mevzuat uyar\u0131nca Ki\u015fisel verilerinizin (a) i\u015flenip i\u015flenmedi\u011fini ve ne \u015fekilde i\u015flendi\u011fi hakk\u0131nda bilgi talep etmek(m. 11\/(a), (b)), (b) i\u015flenme amac\u0131n\u0131 ve bunlar\u0131n amac\u0131na uygun kullan\u0131p kullan\u0131lmad\u0131\u011f\u0131n\u0131 \u00f6\u011frenme (m. 11\/c), (c) aktar\u0131ld\u0131\u011f\u0131 \u00fc\u00e7\u00fcnc\u00fc ki\u015fileri bilme (m. 11\/\u00e7) (d)&nbsp; d\u00fczeltilmesini isteme (m. 11\/d), (e) \u0130\u015flenmesini gerektiren sebeplerin ortadan kalkmas\u0131 h\u00e2linde ki\u015fisel verilerinizin silinmesini isteme (m.7, m. 11\/e), (f)&nbsp; d\u00fczeltilmesi ve silinmesi halinde ilgili i\u015flemlerin ki\u015fisel verilerinizin aktar\u0131ld\u0131\u011f\u0131 \u00fc\u00e7\u00fcnc\u00fc ki\u015filere bildirilmesini isteme (m.11\/f), (g) analiz edilmesi sonucunda elde edilen sonu\u00e7lara itiraz etme&nbsp; (m 11\/g), (h) \u0130\u015flenmesinin s\u0131n\u0131rlanmas\u0131n\u0131 talep&nbsp; (m.7), (\u0131) kanuna ayk\u0131r\u0131 olarak i\u015flenmesi sebebi ile zarara u\u011fran\u0131lmas\u0131 halinde zarar\u0131n giderilmesini isteme (m.11\/\u011f) hakk\u0131na sahipsiniz.<\/p>\n\n\n\n<p>Yukar\u0131da an\u0131lan haklar\u0131n\u0131z yasa ile s\u0131n\u0131rland\u0131r\u0131lm\u0131\u015ft\u0131r ve taraf\u0131m\u0131zca muhtemelen ancak belirli ko\u015fullar dahilinde sa\u011flanabilecektir. (L\u00fctfen \u00f6zellikle KVKK\u2019n\u0131n 10. ve 13. maddelerini inceleyiniz). Yukar\u0131da say\u0131lan bu taleplerinizi<strong>&nbsp;[ailegelisimatolyesi@gmail.com] e<\/strong>posta adresine iletebilirsiniz. Aile Geli\u015fim At\u00f6lyesi, talebinizi talebin ve&nbsp; gerekli belgelerin ula\u015fmas\u0131ndan itibaren en k\u0131sa s\u00fcrede ve en ge\u00e7 30 (otuz) g\u00fcn i\u00e7inde sonu\u00e7land\u0131racakt\u0131r.<\/p>\n\n\n\n<p><strong>Veri Sorumlusu:<\/strong>&nbsp; &nbsp;Alev Girli<\/p>\n\n\n\n<p><strong>Mersis No:<\/strong><strong>&nbsp;&#8230;&#8230;&#8230;&#8230;&#8230;&#8230;&#8230;&#8230;&#8230;&#8230;&#8230;&#8230;&#8230;&#8230;<\/strong><\/p>\n\n\n\n<p><strong>Adres :&nbsp;&nbsp;<\/strong>Kaz\u0131m Dirik Mahallesi, 284 Sokak, No:2, Kat:4, \u0130\u00e7 Kap\u0131 No:406, Bornova- \u0130ZM\u0130R<\/p>\n\n\n\n<p><strong>E-Posta<\/strong>:&nbsp;<strong>ailegelisimatolyesi@gmail.com<\/strong><\/p>\n\n\n\n<p>[\u25cf] Birimi ile e-posta yoluyla&nbsp;<strong>ileti\u015fime ge\u00e7iniz.<\/strong><\/p>\n\n\n\n<p>Talebiniz halinde Aile Geli\u015fim At\u00f6lyesi her zaman ki\u015fisel verilerinizi g\u00fcncelleyebilir.<\/p>\n\n\n\n<p>Kurula \u015fik\u00e2yet hakk\u0131n\u0131z\u0131 kullanmak i\u00e7in (KVKK madde 13, 14, 15)<\/p>\n\n\n\n<p>Kurul: Ki\u015fisel Verilerin Korunmas\u0131 Kurulu<\/p>\n\n\n\n<p>Adres: Nasuh Akar Mah. Ziyabey Cad. 1407. Sok. No: 4 06520 Balgat-\u00c7ankaya\/ Ankara,<\/p>\n\n\n\n<p>Telefon: +90 312 216 5000<\/p>\n\n\n\n<p>Websitesi:&nbsp;<a href=\"http:\/\/www.kvkk.gov.tr\/\">http:\/\/www.kvkk.gov.tr\/<\/a>&nbsp;adreslerinden ileti\u015fime ge\u00e7iniz.<\/p>\n\n\n\n<p>\u00c7erez Politikas\u0131na [www.ailegelisimatolyesi.com<a href=\"https:\/\/www.kuika.com\/en\/privacy-policy\">]<\/a>&nbsp;adresinden ula\u015fabilirsiniz.<\/p>\n","protected":false},"excerpt":{"rendered":"<p>Gizlilik Politikas\u0131 Bu Gizlilik Politikas\u0131 veri sorumlusu s\u0131fat\u0131yla Alev Girli\/ Aile Geli\u015fim At\u00f6lyesi taraf\u0131ndan&nbsp; 6698 Say\u0131l\u0131 Ki\u015fisel Verilerin Korunmas\u0131 Kanunu (\u201cKVKK\u201d) kapsam\u0131nda&nbsp; [&hellip;]<\/p>\n","protected":false},"author":1,"featured_media":0,"parent":0,"menu_order":0,"comment_status":"closed","ping_status":"closed","template":"page-templates\/page_fullwidth.php","meta":{"_price":"","_stock":"","_tribe_ticket_header":"","_tribe_default_ticket_provider":"","_tribe_ticket_capacity":"0","_ticket_start_date":"","_ticket_end_date":"","_tribe_ticket_show_description":"","_tribe_ticket_show_not_going":false,"_tribe_ticket_use_global_stock":"","_tribe_ticket_global_stock_level":"","_global_stock_mode":"","_global_stock_cap":"","_tribe_rsvp_for_event":"","_tribe_ticket_going_count":"","_tribe_ticket_not_going_count":"","_tribe_tickets_list":"[]","_tribe_ticket_has_attendee_info_fields":false,"_themeisle_gutenberg_block_has_review":false,"footnotes":"","_tec_slr_enabled":"","_tec_slr_layout":""},"class_list":["post-40","page","type-page","status-publish","hentry"],"ticketed":false,"_links":{"self":[{"href":"https:\/\/www.ailegelisimatolyesi-akademi.com\/index.php\/wp-json\/wp\/v2\/pages\/40","targetHints":{"allow":["GET"]}}],"collection":[{"href":"https:\/\/www.ailegelisimatolyesi-akademi.com\/index.php\/wp-json\/wp\/v2\/pages"}],"about":[{"href":"https:\/\/www.ailegelisimatolyesi-akademi.com\/index.php\/wp-json\/wp\/v2\/types\/page"}],"author":[{"embeddable":true,"href":"https:\/\/www.ailegelisimatolyesi-akademi.com\/index.php\/wp-json\/wp\/v2\/users\/1"}],"replies":[{"embeddable":true,"href":"https:\/\/www.ailegelisimatolyesi-akademi.com\/index.php\/wp-json\/wp\/v2\/comments?post=40"}],"version-history":[{"count":1,"href":"https:\/\/www.ailegelisimatolyesi-akademi.com\/index.php\/wp-json\/wp\/v2\/pages\/40\/revisions"}],"predecessor-version":[{"id":41,"href":"https:\/\/www.ailegelisimatolyesi-akademi.com\/index.php\/wp-json\/wp\/v2\/pages\/40\/revisions\/41"}],"wp:attachment":[{"href":"https:\/\/www.ailegelisimatolyesi-akademi.com\/index.php\/wp-json\/wp\/v2\/media?parent=40"}],"curies":[{"name":"wp","href":"https:\/\/api.w.org\/{rel}","templated":true}]}}