{"id":38,"date":"2024-08-26T09:49:59","date_gmt":"2024-08-26T09:49:59","guid":{"rendered":"http:\/\/www.ailegelisimatolyesi-akademi.com\/?page_id=38"},"modified":"2024-09-03T14:40:55","modified_gmt":"2024-09-03T14:40:55","slug":"mesafeli-satis-sozlesmesi","status":"publish","type":"page","link":"https:\/\/www.ailegelisimatolyesi-akademi.com\/index.php\/mesafeli-satis-sozlesmesi\/","title":{"rendered":"Mesafeli Sat\u0131\u015f S\u00f6zle\u015fmesi"},"content":{"rendered":"\n<p><strong>MESAFEL\u0130 SATI\u015e S\u00d6ZLE\u015eMES<\/strong>\u0130<\/p>\n\n\n\n<p><strong>TARAFLAR:<\/strong><\/p>\n\n\n\n<p><strong>SATICI:\u00a0 [<\/strong>PRINOBARYS AILE GELISIM AT\u00d6LYESI \u00d6ZEL EGITIM<br>HIZMETLERI TICARET LIMITED SIRKETI<strong>] (\u201cSATICI)<\/strong><br><strong>Adres:\u00a0<\/strong>\u00a0\u00a0\u00a0\u00a0\u00a0<strong>[<\/strong>\u00c7elebi Mah, M\u00fczeyyen Senar cd, g\u00fcl sitesi no:123 G\u00fczelbah\u00e7e \u0130ZM\u0130R<strong>]<\/strong><br><strong>Telefon Numaras\u0131:<\/strong>\u00a0<strong>[<\/strong>0(232) 203 39 02<strong>]<\/strong><\/p>\n\n\n\n<p><strong>E-posta:\u00a0\u00a0\u00a0\u00a0\u00a0\u00a0\u00a0\u00a0 [ailegelisimatolyesi.akademi@gmail.com]<\/strong><\/p>\n\n\n\n<p><strong>Kep:\u00a0\u00a0<\/strong><strong>[alev.girli@hs01.kep.tr]<\/strong><br><strong>Mersis Numaras\u0131: [0733097717800001]<\/strong><\/p>\n\n\n\n<p><strong>ALICI:<\/strong><\/p>\n\n\n\n<p>M\u00fc\u015fterinin&nbsp; ad\u0131, soyad\u0131, adresi, eposta adresi, telefonu&nbsp; sipari\u015f s\u0131ras\u0131nda bildirmi\u015f oldu\u011fu \u015fekildedir. Teslimat ve tebligatlar sipari\u015f s\u0131ras\u0131nda bildirilen ki\u015fi ve adreslere yap\u0131l\u0131r.<\/p>\n\n\n\n<ol class=\"wp-block-list\">\n<li><strong>S\u00d6ZLE\u015eMEN\u0130N KONUSU<\/strong><\/li>\n<\/ol>\n\n\n\n<p><strong>1.1.<\/strong>&nbsp;\u0130\u015fbu Mesafeli Sat\u0131\u015f S\u00f6zle\u015fmesi\u2019nin (\u201c<strong>S\u00f6zle\u015fme<\/strong>\u201d) konusu, ALICI`n\u0131n SATICI`ya ait www.ailegelisimatolyesi.com internet sitesinden (\u201cWeb Sitesi\u201d) elektronik ortamda sipari\u015f verdi\u011fi, S\u00f6zle\u015fmede bahsi ge\u00e7en nitelikleri haiz, s\u00f6zle\u015fmede ve sitede i\u00e7eri\u011fi ve sat\u0131\u015f fiyat\u0131 belirtilen \u00fcr\u00fcnlerin sat\u0131\u015f\u0131 ve teslimi ile ilgili olarak 6502 say\u0131l\u0131 T\u00fcketicilerin Korunmas\u0131 Hakk\u0131ndaki Kanun (\u201cTKHK\u201d) ve Mesafeli S\u00f6zle\u015fmeler Y\u00f6netmeli\u011fi h\u00fck\u00fcmleri gere\u011fince Taraflar\u0131n hak ve y\u00fck\u00fcml\u00fcl\u00fcklerinin saptanmas\u0131d\u0131r.<\/p>\n\n\n\n<p><strong>1.2.<\/strong>&nbsp;\u0130\u015fbu S\u00f6zle\u015fme kapsam\u0131nda yer alan h\u00fck\u00fcmler 6502 say\u0131l\u0131 TKHK kapsam\u0131nda mesafeli sat\u0131\u015f s\u00f6zle\u015fmesi d\u00fczenlemleri dikkate alarak haz\u0131rlanm\u0131\u015f olup ilgili maddelerde i\u015fbu S\u00f6zle\u015fme ile sat\u0131\u015fa konu olan (\u201c\u00dcr\u00fcn\/\u00dcr\u00fcnler\u201d) sat\u0131n al\u0131mlar\u0131nda tabi olunan s\u00f6zle\u015fme h\u00fck\u00fcmleri d\u00fczenlenmi\u015ftir.<\/p>\n\n\n\n<ol start=\"2\" class=\"wp-block-list\">\n<li><strong>\u00dcR\u00dcN \u00d6ZELL\u0130KLER\u0130<\/strong><\/li>\n<\/ol>\n\n\n\n<p><strong>2.1<\/strong>&nbsp;&nbsp;\u00dcr\u00fcn\u2019\u00fcn i\u00e7eri\u011fi ve vergiler d\u00e2hil sat\u0131\u015f bedeli gibi temel bilgiler Web Sitesi\u2019nde \u00dcr\u00fcn\u2019\u00fcn tan\u0131t\u0131m sayfas\u0131nda ve i\u015fbu S\u00f6zle\u015fme\u2019nin ayr\u0131lmaz par\u00e7as\u0131 say\u0131lan e-faturada belirtildi\u011fi gibidir.<\/p>\n\n\n\n<p><strong>2.2<\/strong>&nbsp;SATICI teknik nedenlerden kaynaklanan fiyat g\u00fcncelleme hatalar\u0131ndan sorumlu de\u011fildir. A\u015fa\u011f\u0131da listelenen ve Web Sitesi\u2019nde ilan edilen fiyatlar sat\u0131\u015f fiyat\u0131d\u0131r. \u0130lan edilen fiyatlar ve vaatler g\u00fcncelleme yap\u0131lana ve de\u011fi\u015ftirilene kadar ge\u00e7erlidir.<\/p>\n\n\n\n<ol start=\"3\" class=\"wp-block-list\">\n<li><strong>S\u0130PAR\u0130\u015e ve \u00d6DEME<\/strong><\/li>\n<\/ol>\n\n\n\n<p><strong>3.1.<\/strong>&nbsp;&nbsp;SATICI,&nbsp; ALICI\u2019ya kar\u015f\u0131 sadece stoklarla sorumlu olup, sipari\u015f SATICI taraf\u0131ndan&nbsp; onaylanmad\u0131\u011f\u0131 s\u00fcrece Taraflar bak\u0131m\u0131ndan bir ba\u011flay\u0131c\u0131l\u0131\u011f\u0131 olmayacakt\u0131r.<\/p>\n\n\n\n<p><strong>3.2<\/strong>&nbsp; S\u00f6zle\u015fme konusu \u00dcr\u00fcn\u2019\u00fcn teslimat\u0131 i\u00e7in i\u015fbu S\u00f6zle\u015fme\u2019nin ALICI taraf\u0131ndan elektronik ortamda onaylanmas\u0131 ve \u00dcr\u00fcn bedelinin ALICI\u2019ya sunulan \u00f6deme y\u00f6ntemlerinden tercih etti\u011fi \u00f6deme \u015fekli ile \u00f6denmi\u015f olmas\u0131 \u015fartt\u0131r. Herhangi bir nedenle \u00dcr\u00fcn bedeli \u00f6denmez veya banka kay\u0131tlar\u0131nda iptal edilir ise, SATICI \u00dcr\u00fcn\u2019\u00fcn teslimi y\u00fck\u00fcml\u00fcl\u00fc\u011f\u00fcnden kurtulmu\u015f kabul edilir.<\/p>\n\n\n\n<ol start=\"4\" class=\"wp-block-list\">\n<li><strong>TESL\u0130MAT<\/strong><\/li>\n<\/ol>\n\n\n\n<p><strong>4.1&nbsp;<\/strong>&nbsp;Teslimat, kargo firmas\u0131 arac\u0131l\u0131\u011f\u0131 ile ALICI taraf\u0131ndan sipari\u015f s\u0131ras\u0131nda online olarak bildirilen adrese yap\u0131lacakt\u0131r.<\/p>\n\n\n\n<p>Teslimat, anla\u015fmal\u0131 kargo firmas\u0131 arac\u0131l\u0131\u011f\u0131 ile ALICI\u2019n\u0131n adresine yap\u0131lacakt\u0131r.<\/p>\n\n\n\n<p><strong>4.2<\/strong>&nbsp;Kargo \u00dccreti ALICI taraf\u0131ndan \u00f6denecektir. Kargo \u00dccreti 0 TL olup, kargo fiyat\u0131 sipari\u015f toplam tutar\u0131na eklenmektedir. Bununla birlikte, SATICI, sat\u0131\u015f an\u0131nda y\u00fcr\u00fctt\u00fc\u011f\u00fc ve\/veya&nbsp;Web Sitesi\u2019nde&nbsp; ilan etti\u011fi &nbsp;kampanyalar\u0131n sonucuna ba\u011fl\u0131 olarak s\u00f6z konusu kargo \u00fccretinin tamam\u0131n\u0131 ya da bir k\u0131sm\u0131n\u0131 ALICI\u2019ya yans\u0131tmayabilir.<\/p>\n\n\n\n<ol start=\"5\" class=\"wp-block-list\">\n<li><strong>ALICININ BEYAN VE TAAHH\u00dcTLER\u0130<\/strong><\/li>\n<\/ol>\n\n\n\n<p><strong>5.1.&nbsp;<\/strong>ALICI, i\u015fbu S\u00f6zle\u015fme\u2019yi ve \u00d6n Bilgilendirme Formu\u2019nu elektronik ortamda teyit etmekle, mesafeli s\u00f6zle\u015fmelerin akdinden \u00f6nce SATICI taraf\u0131ndan t\u00fcketiciye verilmesi gereken tam ticari unvan, adres, sipari\u015fi verilen \u00fcr\u00fcnlere ait temel \u00f6zellikler, vergiler dahil \u00dcr\u00fcn fiyat\u0131, \u00f6deme ve teslimat bilgilerini de do\u011fru ve eksiksiz olarak edindi\u011fini teyit etmi\u015f olur.<\/p>\n\n\n\n<p><strong>5.2<\/strong>&nbsp;&nbsp; \u00dcr\u00fcne(lere) ili\u015fkin \u00f6demenin ALICI taraf\u0131ndan kredi kart\u0131 ile yap\u0131lmas\u0131 durumunda, ALICI ile kredi kart\u0131 sahibinin ya da \u00dcr\u00fcn\u2019\u00fcn teslim edilece\u011fi ki\u015finin farkl\u0131 olmas\u0131ndan kaynaklanabilecek olan, kredi kart\u0131n\u0131n yetkisiz ki\u015filerce haks\u0131z ve hukuka ayk\u0131r\u0131 olarak kullan\u0131lmas\u0131 da dahil olmak \u00fczere her t\u00fcrl\u00fc hukuki risk, ALICI\u2019ya aittir. ALICI, bahsi ge\u00e7en durumlarda herhangi bir \u015fekilde zarara u\u011framas\u0131 halinde SATICI\u2019dan hi\u00e7bir talepte bulunmayaca\u011f\u0131n\u0131 kabul, beyan ve taahh\u00fct eder.<\/p>\n\n\n\n<p><strong>5.3&nbsp;&nbsp;<\/strong>ALICI taraf\u0131ndan, \u00dcr\u00fcn\/\u00dcr\u00fcnler\u2019e ili\u015fkin \u00f6demenin herhangi bir banka\u2019ya ait ATM cihaz\u0131ndan ya da \u015fubesinden \u2018hesaba yat\u0131rma\u2019 \u015feklinde yap\u0131lmas\u0131 durumunda, \u00dcr\u00fcn bedelinin i\u015fbu S\u00f6zle\u015fmede belirtilen \u015fartlar \u00e7er\u00e7evesinde ALICI\u2019ya iade edilmesinin gerekti\u011fi hallerde kullan\u0131lmak \u00fczere kendisine ait bir banka hesab\u0131na ait IBAN numaras\u0131n\u0131 do\u011fru ve eksiksiz bir \u015fekilde SATICI\u2019n\u0131n [ailegelisimatolyesi@gmail.com] e.posta adresine g\u00f6ndermeyi ve SATICI taraf\u0131ndan IBAN numaras\u0131na iade yap\u0131lmas\u0131na muvafakat etti\u011fini kabul, beyan ve taahh\u00fct eder.<\/p>\n\n\n\n<p><strong>5.5<\/strong>&nbsp;\u00dcr\u00fcn\/\u00dcr\u00fcnler\u2019in tesliminden sonra ALICI&#8217;ya ait kredi kart\u0131n\u0131n, banka kart\u0131n\u0131n, debit kart\u0131n\u0131n ve websitesinde yer alan di\u011fer \u00f6deme sistemlerinin yetkisiz ki\u015filerce haks\u0131z veya hukuka ayk\u0131r\u0131 olarak kullan\u0131lmas\u0131 nedeni ile ilgili banka veya finans kurulu\u015fun \u00fcr\u00fcn bedelini SATICI&#8217;ya \u00f6dememesi halinde, ALICI\u2019n\u0131n kendisine teslim edilmi\u015f olmas\u0131 kayd\u0131yla ilgili \u00dcr\u00fcn bedelini 3 (\u00fc\u00e7) g\u00fcn i\u00e7inde SATICI&#8217;ya iade etmek zorunludur. Aksi halde, ALICI kendisi aleyhine her t\u00fcrl\u00fc yasal i\u015flemin yap\u0131laca\u011f\u0131n\u0131 kabul, beyan ve taahh\u00fct eder. Bu takdirde teslimat giderleri ALICIya aittir. SATICI\u2019n\u0131n iadeyi kabul etmeksizin \u00dcr\u00fcn bedeli alaca\u011f\u0131n\u0131 takip dahil di\u011fer t\u00fcm akdi-kanuni haklar\u0131 ayr\u0131ca ve her hal\u00fckarda sakl\u0131d\u0131r.<\/p>\n\n\n\n<p><strong>5.6<\/strong>&nbsp;SATICI m\u00fccbir sebepler veya nakliyeyi engelleyen hava muhalefeti, ula\u015f\u0131m\u0131n kesilmesi gibi ola\u011fan\u00fcst\u00fc durumlar ve\/veya teknik sebepler vs. nedenler ile \u00dcr\u00fcn\u00fc(leri) s\u00fcresi i\u00e7inde teslim edemez ise, durumu ALICI\u2019ya 3 ( \u00fc\u00e7 ) g\u00fcn i\u00e7inde bildirmekle y\u00fck\u00fcml\u00fcd\u00fcr. Bu takdirde ALICI sipari\u015fin iptal edilmesini, \u00dcr\u00fcn\/\u00dcr\u00fcnler\u2019in varsa emsali ile de\u011fi\u015ftirilmesini, ve\/veya teslimat s\u00fcresinin engelleyici durumun ortadan kalkmas\u0131na kadar ertelenmesi haklar\u0131ndan birini kullanabilir. ALICI\u2019n\u0131n sipari\u015fi iptal etmesi halinde \u00f6dedi\u011fi tutar 14 (on d\u00f6rt)g\u00fcn i\u00e7inde kendisine nakten ve defaten \u00f6denir.<\/p>\n\n\n\n<p><strong>5.7&nbsp;<\/strong>ALICI taraf\u0131ndan sat\u0131n al\u0131nan \u00dcr\u00fcn\/\u00dcr\u00fcnler\u2019in tamam\u0131, bir k\u0131sm\u0131 ve\/veya \u00dcr\u00fcnden elde edilen herhangi bir bilgi, yaz\u0131l\u0131m veya hizmet de\u011fi\u015ftirilemez, kopyalanamaz, da\u011f\u0131t\u0131lamaz, \u00e7o\u011falt\u0131lamaz, yay\u0131nlanamaz, t\u00fcrev niteli\u011finde \u00e7al\u0131\u015fmalara konu edilemez, aktar\u0131lamaz veya sat\u0131lamaz. ALICI i\u015fbu S\u00f6zle\u015fme ile sat\u0131n ald\u0131\u011f\u0131 \u00dcr\u00fcn\u00fc yasa d\u0131\u015f\u0131 ama\u00e7lar i\u00e7in ve\/veya bu yasaklanan \u015fekillerde kullanmayaca\u011f\u0131n\u0131 kabul, beyan ve taahh\u00fct eder. Aksi halde do\u011fabilecek t\u00fcm hukuki ve cezai sorumluluk ALICI\u2019ya aittir. Ayr\u0131ca, \u00fc\u00e7\u00fcnc\u00fc ki\u015filer veya yetkili merciler taraf\u0131ndan SATICI\u2019ya kar\u015f\u0131 ileri s\u00fcr\u00fclebilecek t\u00fcm iddia ve taleplere kar\u015f\u0131, SATICI\u2019n\u0131n ALICI\u2019ya y\u00f6nelik s\u00f6z konusu izinsiz kullan\u0131mdan kaynaklanan her t\u00fcrl\u00fc tazminat ve sair talep hakk\u0131 sakl\u0131d\u0131r.<\/p>\n\n\n\n<p><strong>5.8<\/strong>&nbsp;\u00dcr\u00fcn fiyatlar\u0131nda a\u00e7\u0131k bir hata oldu\u011fu ortalama bir ki\u015fi taraf\u0131ndan anla\u015f\u0131lacak seviyede piyasa fiyat\u0131n\u0131n \u00e7ok alt\u0131nda yaz\u0131lmas\u0131 durumunda, i\u015fbu hatal\u0131 fiyata g\u00f6re verilen t\u00fcm sipari\u015flerin SATICI taraf\u0131ndan iptal edilme hakk\u0131 vard\u0131r. ALICI b\u00f6ylesi bir durumda a\u00e7\u0131k bir hata olmas\u0131 nedeniyle hi\u00e7bir hak ve talepte bulunmayaca\u011f\u0131n\u0131 kabul ve beyan eder.<\/p>\n\n\n\n<ol start=\"6\" class=\"wp-block-list\">\n<li><strong>SATICININ BEYAN VE TAAHH\u00dcTLER\u0130<\/strong><\/li>\n<\/ol>\n\n\n\n<p><strong>6.1.<\/strong>&nbsp;SATICI, Web Sitesi\u2019nde mevcut her t\u00fcr \u00fcr\u00fcn, kullanma ko\u015fullar\u0131 ile Web Sitesi\u2019nde sunulan bilgileri \u00f6nceden bir ihtara gerek olmaks\u0131z\u0131n de\u011fi\u015ftirme, yeniden organize etme, yay\u0131n\u0131 durdurma hakk\u0131n\u0131 sakl\u0131 tutar. De\u011fi\u015fiklikler Web Sitesi\u2019nde yay\u0131n tarihinde y\u00fcr\u00fcrl\u00fc\u011fe girer. SATICI, ALICI\u2019ya Web Sitesi\u2019ne her giri\u015fte yasal uyar\u0131 sayfas\u0131n\u0131 ziyaret etmelerini tavsiye etmektedir. Bu ko\u015fullar link verilen di\u011fer internet sayfalar\u0131 i\u00e7in de ge\u00e7erlidir.<\/p>\n\n\n\n<p><strong>6.2.<\/strong>&nbsp;Web Sitesi SATICI\u2019n\u0131n kontrol\u00fc alt\u0131nda olmayan ba\u015fka internet sitelerine ba\u011flant\u0131 veya referans i\u00e7erebilir. SATICI, bu internet sitelerinin i\u00e7erikleri veya i\u00e7erdikleri di\u011fer ba\u011flant\u0131lardan sorumlu de\u011fildir. SATICI, ALICI\u2019n\u0131n ge\u00e7i\u015f yapaca\u011f\u0131 internet sitelerinin i\u00e7eri\u011finden ve\/veya bu internet siteleri taraf\u0131ndan ALICI\u2019dan talep edilecek olan ki\u015fisel veri niteli\u011finden, verilerin payla\u015f\u0131lmas\u0131ndan, i\u015flenmesinden ve aktar\u0131lmas\u0131ndan sorumlu de\u011fildir.<\/p>\n\n\n\n<p><strong>6.3.<\/strong>&nbsp; \u00dcr\u00fcn\/\u00dcr\u00fcnler,&nbsp; sipari\u015fin SATICI\u2019ya ula\u015fmas\u0131n\u0131 takip eden, yasal otuz (30) g\u00fcnl\u00fck s\u00fcreyi a\u015fmamak ko\u015fulu ile her bir \u00dcr\u00fcn i\u00e7in ALICI\u2019n\u0131n yerle\u015fim yerinin uzakl\u0131\u011f\u0131na ba\u011fl\u0131 olarak i\u015fbu 30 (otuz) g\u00fcnl\u00fck s\u00fcre i\u00e7inde ALICI veya g\u00f6sterdi\u011fi adresteki \u00fc\u00e7\u00fcnc\u00fc \u015fah\u0131slara teslim edilir. Belirtilen adresteki \u00fc\u00e7\u00fcnc\u00fc \u015fah\u0131slar\u0131n \u00dcr\u00fcn\u2019\u00fc\/\u00dcr\u00fcnleri teslim almay\u0131 kabul etmemesinden SATICI sorumlu de\u011fildir.<\/p>\n\n\n\n<p><strong>6.4<\/strong>&nbsp;SATICI, i\u015fbu S\u00f6zle\u015fme\u2019ye konu \u00dcr\u00fcn\u00fcn(lerin) sa\u011flam, eksiksiz, sipari\u015fte belirtilen niteliklere uygun ve varsa garanti belgeleri ve kullan\u0131m k\u0131lavuzlar\u0131 ile teslim edilmesinden sorumludur. S\u00f6zle\u015fme konusu \u00fcr\u00fcn, ALICI\u2019dan ba\u015fka bir ki\u015fi\/kurulu\u015fa teslim edilecek ise, teslim edilecek ki\u015fi\/kurulu\u015fun teslimat\u0131 kabul etmemesinden SATICI sorumlu tutulamaz.<\/p>\n\n\n\n<p><strong>6.5<\/strong>&nbsp;ALICI, T\u00fcrkiye Cumhuriyeti s\u0131n\u0131rlar\u0131 d\u0131\u015f\u0131nda ikamet etmekte\/bulunmakta ve\/veya \u00dcr\u00fcn\u2019\u00fcn\/\u00dcr\u00fcnler\u2019in&nbsp; teslim edilece\u011fi adres T\u00fcrkiye Cumhuriyeti s\u0131n\u0131rlar\u0131 d\u0131\u015f\u0131nda bulunmakta ise, ikamet etti\u011fi\/bulundu\u011fu ve\/veya \u00dcr\u00fcn\u2019\u00fcn\/\u00dcr\u00fcnler\u2019in&nbsp;&nbsp; teslim edilece\u011fi \u00fclkenin s\u00f6z konusu \u00dcr\u00fcn nedeniyle yasa, y\u00f6netmelik ve ilgili yasal d\u00fczenlemeleri uyar\u0131nca tahakkuk ettirece\u011fi g\u00fcmr\u00fck vergisi, har\u00e7 ve sair her t\u00fcrl\u00fc mali y\u00fck\u00fcml\u00fcl\u00fc\u011f\u00fcn kendisine ait olaca\u011f\u0131n\u0131, \u00dcr\u00fcn\u2019\u00fcn\/\u00dcr\u00fcnler\u2019in&nbsp;&nbsp; teslim edilebilmesi i\u00e7in talep olunacak t\u00fcm \u00f6demeleri derhal ve aynen yerine getirece\u011fini \u015fimdiden kabul, beyan ve taahh\u00fct eder. Ayr\u0131ca ALICI\u2019n\u0131n adresi SATICI\u2019n\u0131n anla\u015fmal\u0131 oldu\u011fu kargo firmas\u0131n\u0131n da\u011f\u0131t\u0131m alan\u0131n\u0131n d\u0131\u015f\u0131nda kalmakta ise, ALICI dilerse \u00dcr\u00fcn\u2019\u00fcn\/\u00dcr\u00fcnler\u2019in&nbsp;&nbsp; teslim edilebilmesi i\u00e7in talep olunacak t\u00fcm masraf ve bedelleri \u00f6demeyi veya SATICI\u2019n\u0131n anla\u015fmal\u0131 oldu\u011fu kargo firmas\u0131n\u0131n ilgili \u015fubesinden sat\u0131\u015fa konu olan \u00dcr\u00fcn\/\u00dcr\u00fcnler\u2019i ALICI taraf\u0131ndan bizzat teslim al\u0131naca\u011f\u0131n\u0131 \u015fimdiden kabul, beyan ve taahh\u00fct eder. \u0130\u015fbu durum hakk\u0131nda ALICI, SATICI\u2019n\u0131n anla\u015fmal\u0131 oldu\u011fu kargo firmas\u0131 taraf\u0131ndan \u00f6ncesinde bilgilendirilecek olup, ALICI dilerse S\u00f6zle\u015fmeden d\u00f6nebilir.<\/p>\n\n\n\n<p><strong>6.6<\/strong>&nbsp;SATICI m\u00fccbir sebepler veya ola\u011fan\u00fcst\u00fc durumlar nedeni ile i\u015fbu S\u00f6zle\u015fme\u2019ye konu \u00fcr\u00fcn\u00fc s\u00fcresi i\u00e7inde teslim edemez ise, durumu ALICI&#8217;ya bildirmekle y\u00fck\u00fcml\u00fcd\u00fcr. Bu takdirde ALICI\u2019n\u0131n sipari\u015fi iptal etmesi halinde \u00f6dedi\u011fi tutar 14 (ond\u00f6rt) g\u00fcn i\u00e7inde kendisine \u00fcr\u00fcn\u00fc(leri) sat\u0131n al\u0131rken kulland\u0131\u011f\u0131 \u00f6deme arac\u0131na uygun bir \u015fekilde tek seferde \u00f6denir. SATICI, \u00f6denen bedel ve varsa belgelerin s\u00fcresi i\u00e7erisinde ALICI\u2019ya iadesini ger\u00e7ekle\u015ftirmesi sonras\u0131nda ba\u015fkaca bir bedel ve\/veya tazminat \u00f6deme zorunlulu\u011funda de\u011fildir. SATICI\u2019n\u0131n sorumlulu\u011fu, bedelin iadesi ile sona erer ve ba\u015fkaca bir hukuki ve\/veya cezai sorumlulu\u011fu do\u011fmaz. \u00d6zellikle, sat\u0131n al\u0131nan \u00fcr\u00fcn\u00fcn stokta kalmamas\u0131 ya da hasarl\u0131 olmayan ve g\u00f6nderime uygun \u00fcr\u00fcnlerin olmamas\u0131 nedeniyle i\u015fbu S\u00f6zle\u015fme\u2019nin ifa edilemedi\u011fi durumda, SATICI, bedel iadesi ve ilgili belgelerin iadesini yaparak S\u00f6zle\u015fme ili\u015fkisini sonland\u0131rabilir. Bu i\u015flem dolay\u0131s\u0131yla SATICI\u2019n\u0131n hi\u00e7bir hukuki ya da cezai sorumlulu\u011fu olamaz.<\/p>\n\n\n\n<ol start=\"7\" class=\"wp-block-list\">\n<li><strong>CAYMA HAKKI<\/strong><\/li>\n<\/ol>\n\n\n\n<p>Mesafeli S\u00f6zle\u015fmeler Y\u00f6netmeli\u011fi 15\/1 (e) maddesine istinaden, ALICI\u2019ya sunulan&nbsp; \u00dcr\u00fcn\u2019\u00fcn<\/p>\n\n\n\n<p>\u201c Mal\u0131n tesliminden sonra ambalaj, bant, m\u00fch\u00fcr, paket gibi koruyucu unsurlar\u0131 a\u00e7\u0131lm\u0131\u015f olmas\u0131 halinde maddi ortamda sunulan kitap, dijital i\u00e7erik ve bilgisayar sarf malzemelerine ili\u015fkin s\u00f6zle\u015fmeler.\u201d kapsam\u0131nda olmas\u0131 dolay\u0131s\u0131yla ALICI cayma hakk\u0131n\u0131n olmad\u0131\u011f\u0131n\u0131 ve iade talebinde bulunmayaca\u011f\u0131n\u0131 kabul, beyan ve taahh\u00fct eder.<\/p>\n\n\n\n<p>Bu \u00e7er\u00e7evede , Web Sitesi\u2019nden online sat\u0131\u015f\u0131 ger\u00e7ekle\u015fen kitaplar, cayma hakk\u0131 kullan\u0131lmayacak \u00fcr\u00fcnler aras\u0131nda say\u0131lm\u0131\u015f olmas\u0131 sebebiyle cayma hakk\u0131 kullan\u0131lamaz. Bununla birlikte, ALICI, &nbsp;sipari\u015fini onaylad\u0131\u011f\u0131 g\u00fcn\u00fcn mesai bitimine kadar, telefon veya e-posta &nbsp;yoluyla sipari\u015fini iptal etti\u011fini SATICI\u2019ya bildirebilir.<\/p>\n\n\n\n<p>ALICI, \u00dcr\u00fcn\/\u00dcr\u00fcnler\u2019in ay\u0131pl\u0131 olmas\u0131 durumunda, sipari\u015fin iptalini veya \u00dcr\u00fcn\/\u00dcr\u00fcnler\u2019in ayn\u0131s\u0131 ile de\u011fi\u015ftirilmesini talep edebilir.<\/p>\n\n\n\n<p>f<strong>8. UYU\u015eMAZLIKLARIN \u00c7\u00d6Z\u00dcM\u00dc<\/strong><\/p>\n\n\n\n<p>ALICI\u2019n\u0131n SATICI ile aras\u0131ndaki sorunu SATICI\u2019n\u0131n \u00e7\u00f6zememesi durumunda, ALICI uyu\u015fmazl\u0131k konusundaki ba\u015fvurular\u0131n\u0131 G\u00fcmr\u00fck ve Ticaret Bakanl\u0131\u011f\u0131\u2019nca her y\u0131l Aral\u0131k ay\u0131nda ilan edilen parasal s\u0131n\u0131rlar dahilinde ALICI\u2019n\u0131n mal veya hizmeti sat\u0131n ald\u0131\u011f\u0131 veya ikametgah\u0131n\u0131n bulundu\u011fu yerdeki il veya il\u00e7e T\u00fcketici Sorunlar\u0131 Hakem Heyeti veya T\u00fcketici Mahkemeleri\u2019ne yapabilir.ir.<\/p>\n\n\n\n<p>\u0130\u015fbu mesafeli sat\u0131\u015f s\u00f6zle\u015fmesinde d\u00fczenlenmemi\u015f hususlarda 6502 say\u0131l\u0131 T\u00fcketicinin Korunmas\u0131 Hakk\u0131nda Kanun ve ilgili mevzuat h\u00fck\u00fcmleri uygulan\u0131r.<\/p>\n\n\n\n<ol start=\"9\" class=\"wp-block-list\">\n<li><strong>Y\u00dcR\u00dcRL\u00dcK<\/strong><\/li>\n<\/ol>\n\n\n\n<p>9 (dokuz) maddeden ibaret i\u015fbu Mesafeli Sat\u0131\u015f S\u00f6zle\u015fmesi, Taraflarca okunarak, ALICI taraf\u0131ndan elektronik ortamda onaylanmak suretiyle akdedilmi\u015f ve derhal y\u00fcr\u00fcrl\u00fc\u011fe girmi\u015ftir.<\/p>\n\n\n\n<figure class=\"wp-block-table\"><table class=\"has-fixed-layout\"><tbody><tr><td><strong>SATICI<\/strong><\/td><\/tr><tr><td><strong>Sat\u0131c\u0131:\u00a0PRINOBARYS AILE GELISIM AT\u00d6LYESI \u00d6ZEL EGITIMHIZMETLERI TICARET LIMITED SIRKETI<\/strong><br><strong>Adres :<\/strong>\u00a0\u00c7elebi Mah, M\u00fczeyyen Senar cd, g\u00fcl sitesi no:123 G\u00fczelbah\u00e7e \u0130ZM\u0130R<br><strong>Tel:<\/strong>\u00a0[0(232) 203 39 02]<br><strong>E.posta:<\/strong>\u00a0ailegelisimatolyesi@gmail.com<br><strong>Mersis Numaras\u0131:<\/strong>\u00a0[0733097717800001]\u00a0<\/td><\/tr><\/tbody><\/table><\/figure>\n","protected":false},"excerpt":{"rendered":"<p>MESAFEL\u0130 SATI\u015e S\u00d6ZLE\u015eMES\u0130 TARAFLAR: SATICI:\u00a0 [PRINOBARYS AILE GELISIM AT\u00d6LYESI \u00d6ZEL EGITIMHIZMETLERI TICARET LIMITED SIRKETI] (\u201cSATICI)Adres:\u00a0\u00a0\u00a0\u00a0\u00a0\u00a0[\u00c7elebi Mah, M\u00fczeyyen Senar cd, g\u00fcl sitesi no:123 [&hellip;]<\/p>\n","protected":false},"author":1,"featured_media":0,"parent":0,"menu_order":0,"comment_status":"closed","ping_status":"closed","template":"page-templates\/page_fullwidth.php","meta":{"_price":"","_stock":"","_tribe_ticket_header":"","_tribe_default_ticket_provider":"","_tribe_ticket_capacity":"0","_ticket_start_date":"","_ticket_end_date":"","_tribe_ticket_show_description":"","_tribe_ticket_show_not_going":false,"_tribe_ticket_use_global_stock":"","_tribe_ticket_global_stock_level":"","_global_stock_mode":"","_global_stock_cap":"","_tribe_rsvp_for_event":"","_tribe_ticket_going_count":"","_tribe_ticket_not_going_count":"","_tribe_tickets_list":"[]","_tribe_ticket_has_attendee_info_fields":false,"_themeisle_gutenberg_block_has_review":false,"footnotes":"","_tec_slr_enabled":"","_tec_slr_layout":""},"class_list":["post-38","page","type-page","status-publish","hentry"],"ticketed":false,"_links":{"self":[{"href":"https:\/\/www.ailegelisimatolyesi-akademi.com\/index.php\/wp-json\/wp\/v2\/pages\/38","targetHints":{"allow":["GET"]}}],"collection":[{"href":"https:\/\/www.ailegelisimatolyesi-akademi.com\/index.php\/wp-json\/wp\/v2\/pages"}],"about":[{"href":"https:\/\/www.ailegelisimatolyesi-akademi.com\/index.php\/wp-json\/wp\/v2\/types\/page"}],"author":[{"embeddable":true,"href":"https:\/\/www.ailegelisimatolyesi-akademi.com\/index.php\/wp-json\/wp\/v2\/users\/1"}],"replies":[{"embeddable":true,"href":"https:\/\/www.ailegelisimatolyesi-akademi.com\/index.php\/wp-json\/wp\/v2\/comments?post=38"}],"version-history":[{"count":2,"href":"https:\/\/www.ailegelisimatolyesi-akademi.com\/index.php\/wp-json\/wp\/v2\/pages\/38\/revisions"}],"predecessor-version":[{"id":227,"href":"https:\/\/www.ailegelisimatolyesi-akademi.com\/index.php\/wp-json\/wp\/v2\/pages\/38\/revisions\/227"}],"wp:attachment":[{"href":"https:\/\/www.ailegelisimatolyesi-akademi.com\/index.php\/wp-json\/wp\/v2\/media?parent=38"}],"curies":[{"name":"wp","href":"https:\/\/api.w.org\/{rel}","templated":true}]}}