{"id":233,"date":"2024-09-05T08:27:51","date_gmt":"2024-09-05T08:27:51","guid":{"rendered":"https:\/\/www.ailegelisimatolyesi-akademi.com\/index.php\/sepet\/"},"modified":"2024-09-10T20:14:56","modified_gmt":"2024-09-10T20:14:56","slug":"sepet","status":"publish","type":"page","link":"https:\/\/www.ailegelisimatolyesi-akademi.com\/index.php\/sepet\/","title":{"rendered":"Sepet"},"content":{"rendered":"\n<div data-block-name=\"woocommerce\/cart\" class=\"wp-block-woocommerce-cart alignwide is-loading\">\n<div data-block-name=\"woocommerce\/filled-cart-block\" class=\"wp-block-woocommerce-filled-cart-block\">\n<div data-block-name=\"woocommerce\/cart-items-block\" class=\"wp-block-woocommerce-cart-items-block\">\n<div data-block-name=\"woocommerce\/cart-line-items-block\" class=\"wp-block-woocommerce-cart-line-items-block\"><\/div>\n\n\n\n<div data-block-name=\"woocommerce\/cart-cross-sells-block\" class=\"wp-block-woocommerce-cart-cross-sells-block\">\n<h2 class=\"wp-block-heading has-large-font-size\">\u0130lginizi \u00e7ekebilir\u2026<\/h2>\n\n\n\n<div data-block-name=\"woocommerce\/cart-cross-sells-products-block\" class=\"wp-block-woocommerce-cart-cross-sells-products-block\"><\/div>\n<\/div>\n<\/div>\n\n\n\n<div data-block-name=\"woocommerce\/cart-totals-block\" class=\"wp-block-woocommerce-cart-totals-block\">\n<div data-block-name=\"woocommerce\/cart-order-summary-block\" class=\"wp-block-woocommerce-cart-order-summary-block\">\n<div data-block-name=\"woocommerce\/cart-order-summary-heading-block\" class=\"wp-block-woocommerce-cart-order-summary-heading-block\"><\/div><div data-block-name=\"woocommerce\/cart-order-summary-coupon-form-block\" class=\"wp-block-woocommerce-cart-order-summary-coupon-form-block\"><\/div><div data-block-name=\"woocommerce\/cart-order-summary-totals-block\" class=\"wp-block-woocommerce-cart-order-summary-totals-block\">\n<div data-block-name=\"woocommerce\/cart-order-summary-subtotal-block\" class=\"wp-block-woocommerce-cart-order-summary-subtotal-block\"><\/div>\n<div data-block-name=\"woocommerce\/cart-order-summary-discount-block\" class=\"wp-block-woocommerce-cart-order-summary-discount-block\"><\/div>\n<div data-block-name=\"woocommerce\/cart-order-summary-fee-block\" class=\"wp-block-woocommerce-cart-order-summary-fee-block\"><\/div>\n<div data-block-name=\"woocommerce\/cart-order-summary-shipping-block\" class=\"wp-block-woocommerce-cart-order-summary-shipping-block\"><\/div>\n<div data-block-name=\"woocommerce\/cart-order-summary-taxes-block\" class=\"wp-block-woocommerce-cart-order-summary-taxes-block\"><\/div><\/div>\n<\/div>\n\n\n\n<div data-block-name=\"woocommerce\/cart-express-payment-block\" class=\"wp-block-woocommerce-cart-express-payment-block\"><\/div>\n\n\n\n<div data-block-name=\"woocommerce\/proceed-to-checkout-block\" class=\"wp-block-woocommerce-proceed-to-checkout-block\"><\/div>\n\n\n\n<div data-block-name=\"woocommerce\/cart-accepted-payment-methods-block\" class=\"wp-block-woocommerce-cart-accepted-payment-methods-block\"><\/div>\n<\/div>\n<\/div>\n\n\n\n<div data-block-name=\"woocommerce\/empty-cart-block\" class=\"wp-block-woocommerce-empty-cart-block\">\n<h2 class=\"wp-block-heading has-text-align-center with-empty-cart-icon wc-block-cart__empty-cart__title\">Sepetiniz \u015fu anda bo\u015f!<\/h2>\n\n\n\n<hr class=\"wp-block-separator has-alpha-channel-opacity is-style-dots\"\/>\n\n\n\n<h2 class=\"wp-block-heading has-text-align-center\">Ma\u011fazada yeni<\/h2>\n\n\n<div data-block-name=\"woocommerce\/product-new\" data-columns=\"4\" data-rows=\"1\" class=\"wc-block-grid wp-block-product-new wp-block-woocommerce-product-new wc-block-product-new has-4-columns\"><ul class=\"wc-block-grid__products\"><li class=\"wc-block-grid__product\">\n\t\t\t\t<a href=\"https:\/\/www.ailegelisimatolyesi-akademi.com\/index.php\/urun\/persembe-konusmalari-1\/\" class=\"wc-block-grid__product-link\">\n\t\t\t\t\t\n\t\t\t\t\t<div class=\"wc-block-grid__product-image\"><img loading=\"lazy\" decoding=\"async\" width=\"420\" height=\"430\" src=\"https:\/\/www.ailegelisimatolyesi-akademi.com\/wp-content\/uploads\/2026\/03\/PERSEMBEKONUSMALARI-2-420x430.jpg\" class=\"attachment-woocommerce_thumbnail size-woocommerce_thumbnail\" alt=\"Per\u015fembe Konu\u015fmalar\u0131-1\" srcset=\"https:\/\/www.ailegelisimatolyesi-akademi.com\/wp-content\/uploads\/2026\/03\/PERSEMBEKONUSMALARI-2-420x430.jpg 420w, https:\/\/www.ailegelisimatolyesi-akademi.com\/wp-content\/uploads\/2026\/03\/PERSEMBEKONUSMALARI-2-293x300.jpg 293w, https:\/\/www.ailegelisimatolyesi-akademi.com\/wp-content\/uploads\/2026\/03\/PERSEMBEKONUSMALARI-2-230x236.jpg 230w, https:\/\/www.ailegelisimatolyesi-akademi.com\/wp-content\/uploads\/2026\/03\/PERSEMBEKONUSMALARI-2-350x359.jpg 350w, https:\/\/www.ailegelisimatolyesi-akademi.com\/wp-content\/uploads\/2026\/03\/PERSEMBEKONUSMALARI-2-480x492.jpg 480w, https:\/\/www.ailegelisimatolyesi-akademi.com\/wp-content\/uploads\/2026\/03\/PERSEMBEKONUSMALARI-2.jpg 766w\" sizes=\"auto, (max-width: 420px) 100vw, 420px\" \/><\/div>\n\t\t\t\t\t<div class=\"wc-block-grid__product-title\">Per\u015fembe Konu\u015fmalar\u0131-1<\/div>\n\t\t\t\t<\/a>\n\t\t\t\t<div class=\"wc-block-grid__product-price price\"><\/div>\n\t\t\t\t\n\t\t\t\t<div class=\"wp-block-button wc-block-grid__product-add-to-cart\"><a href=\"https:\/\/www.ailegelisimatolyesi-akademi.com\/index.php\/urun\/persembe-konusmalari-1\/\" aria-label=\"&ldquo;Per\u015fembe Konu\u015fmalar\u0131-1&rdquo; hakk\u0131nda daha fazla bilgi edinin\" data-quantity=\"1\" data-product_id=\"3192\" data-product_sku=\"\" data-price=\"0\" rel=\"nofollow\" class=\"wp-block-button__link  add_to_cart_button\">Devam\u0131n\u0131 oku<\/a><\/div>\n\t\t\t<\/li><li class=\"wc-block-grid__product\">\n\t\t\t\t<a href=\"https:\/\/www.ailegelisimatolyesi-akademi.com\/index.php\/urun\/zihin-kurami-ve-sosyal-etkilesim-becerilerinin-guclendirilmesi-programi\/\" class=\"wc-block-grid__product-link\">\n\t\t\t\t\t\n\t\t\t\t\t<div class=\"wc-block-grid__product-image\"><img loading=\"lazy\" decoding=\"async\" width=\"420\" height=\"525\" src=\"https:\/\/www.ailegelisimatolyesi-akademi.com\/wp-content\/uploads\/2026\/02\/gencgrup-1-420x525.jpg\" class=\"attachment-woocommerce_thumbnail size-woocommerce_thumbnail\" alt=\"Zihin Kuram\u0131 ve Sosyal Etkile\u015fim Becerilerinin G\u00fc\u00e7lendirilmesi Program\u0131 \/ TOMSS+\" srcset=\"https:\/\/www.ailegelisimatolyesi-akademi.com\/wp-content\/uploads\/2026\/02\/gencgrup-1-420x525.jpg 420w, https:\/\/www.ailegelisimatolyesi-akademi.com\/wp-content\/uploads\/2026\/02\/gencgrup-1-240x300.jpg 240w, https:\/\/www.ailegelisimatolyesi-akademi.com\/wp-content\/uploads\/2026\/02\/gencgrup-1-819x1024.jpg 819w, https:\/\/www.ailegelisimatolyesi-akademi.com\/wp-content\/uploads\/2026\/02\/gencgrup-1-768x960.jpg 768w, https:\/\/www.ailegelisimatolyesi-akademi.com\/wp-content\/uploads\/2026\/02\/gencgrup-1-1229x1536.jpg 1229w, https:\/\/www.ailegelisimatolyesi-akademi.com\/wp-content\/uploads\/2026\/02\/gencgrup-1-1638x2048.jpg 1638w, https:\/\/www.ailegelisimatolyesi-akademi.com\/wp-content\/uploads\/2026\/02\/gencgrup-1-1000x1250.jpg 1000w, https:\/\/www.ailegelisimatolyesi-akademi.com\/wp-content\/uploads\/2026\/02\/gencgrup-1-230x288.jpg 230w, https:\/\/www.ailegelisimatolyesi-akademi.com\/wp-content\/uploads\/2026\/02\/gencgrup-1-350x438.jpg 350w, https:\/\/www.ailegelisimatolyesi-akademi.com\/wp-content\/uploads\/2026\/02\/gencgrup-1-480x600.jpg 480w, https:\/\/www.ailegelisimatolyesi-akademi.com\/wp-content\/uploads\/2026\/02\/gencgrup-1-800x1000.jpg 800w, https:\/\/www.ailegelisimatolyesi-akademi.com\/wp-content\/uploads\/2026\/02\/gencgrup-1-scaled.jpg 2048w\" sizes=\"auto, (max-width: 420px) 100vw, 420px\" \/><\/div>\n\t\t\t\t\t<div class=\"wc-block-grid__product-title\">Zihin Kuram\u0131 ve Sosyal Etkile\u015fim Becerilerinin G\u00fc\u00e7lendirilmesi Program\u0131 \/ TOMSS+<\/div>\n\t\t\t\t<\/a>\n\t\t\t\t<div class=\"wc-block-grid__product-price price\"><span class=\"woocommerce-Price-amount amount\"><span class=\"woocommerce-Price-currencySymbol\">&#8378;<\/span>15.000,00<\/span><\/div>\n\t\t\t\t\n\t\t\t\t<div class=\"wp-block-button wc-block-grid__product-add-to-cart\"><a href=\"https:\/\/www.ailegelisimatolyesi-akademi.com\/index.php\/urun\/zihin-kurami-ve-sosyal-etkilesim-becerilerinin-guclendirilmesi-programi\/\" aria-label=\"&ldquo;Zihin Kuram\u0131 ve Sosyal Etkile\u015fim Becerilerinin G\u00fc\u00e7lendirilmesi Program\u0131 \/ TOMSS+&rdquo; hakk\u0131nda daha fazla bilgi edinin\" data-quantity=\"1\" data-product_id=\"3087\" data-product_sku=\"\" data-price=\"15000\" rel=\"nofollow\" class=\"wp-block-button__link  add_to_cart_button\">Devam\u0131n\u0131 oku<\/a><\/div>\n\t\t\t<\/li><li class=\"wc-block-grid__product\">\n\t\t\t\t<a href=\"https:\/\/www.ailegelisimatolyesi-akademi.com\/index.php\/urun\/supervizyon-zihin-kurami-ve-sosyal-becerilerin-degerlendirilmesi\/\" class=\"wc-block-grid__product-link\">\n\t\t\t\t\t\n\t\t\t\t\t<div class=\"wc-block-grid__product-image\"><img loading=\"lazy\" decoding=\"async\" width=\"420\" height=\"467\" src=\"https:\/\/www.ailegelisimatolyesi-akademi.com\/wp-content\/uploads\/2025\/11\/SUPERVIZYON-22-ARALIK-2025-AFIS-420x467.png\" class=\"attachment-woocommerce_thumbnail size-woocommerce_thumbnail\" alt=\"S\u00dcPERV\u0130ZYON\/ Zihin Kuram\u0131 ve Sosyal Becerilerin De\u011ferlendirilmesi\" srcset=\"https:\/\/www.ailegelisimatolyesi-akademi.com\/wp-content\/uploads\/2025\/11\/SUPERVIZYON-22-ARALIK-2025-AFIS-420x467.png 420w, https:\/\/www.ailegelisimatolyesi-akademi.com\/wp-content\/uploads\/2025\/11\/SUPERVIZYON-22-ARALIK-2025-AFIS-270x300.png 270w, https:\/\/www.ailegelisimatolyesi-akademi.com\/wp-content\/uploads\/2025\/11\/SUPERVIZYON-22-ARALIK-2025-AFIS-230x256.png 230w, https:\/\/www.ailegelisimatolyesi-akademi.com\/wp-content\/uploads\/2025\/11\/SUPERVIZYON-22-ARALIK-2025-AFIS-350x389.png 350w, https:\/\/www.ailegelisimatolyesi-akademi.com\/wp-content\/uploads\/2025\/11\/SUPERVIZYON-22-ARALIK-2025-AFIS-480x534.png 480w, https:\/\/www.ailegelisimatolyesi-akademi.com\/wp-content\/uploads\/2025\/11\/SUPERVIZYON-22-ARALIK-2025-AFIS.png 607w\" sizes=\"auto, (max-width: 420px) 100vw, 420px\" \/><\/div>\n\t\t\t\t\t<div class=\"wc-block-grid__product-title\">S\u00dcPERV\u0130ZYON\/ Zihin Kuram\u0131 ve Sosyal Becerilerin De\u011ferlendirilmesi<\/div>\n\t\t\t\t<\/a>\n\t\t\t\t<div class=\"wc-block-grid__product-price price\"><span class=\"woocommerce-Price-amount amount\"><span class=\"woocommerce-Price-currencySymbol\">&#8378;<\/span>2.000,00<\/span><\/div>\n\t\t\t\t\n\t\t\t\t<div class=\"wp-block-button wc-block-grid__product-add-to-cart\"><a href=\"https:\/\/www.ailegelisimatolyesi-akademi.com\/index.php\/urun\/supervizyon-zihin-kurami-ve-sosyal-becerilerin-degerlendirilmesi\/\" aria-label=\"&ldquo;S\u00dcPERV\u0130ZYON\/ Zihin Kuram\u0131 ve Sosyal Becerilerin De\u011ferlendirilmesi&rdquo; hakk\u0131nda daha fazla bilgi edinin\" data-quantity=\"1\" data-product_id=\"2519\" data-product_sku=\"\" data-price=\"2000\" rel=\"nofollow\" class=\"wp-block-button__link  add_to_cart_button\">Devam\u0131n\u0131 oku<\/a><\/div>\n\t\t\t<\/li><li class=\"wc-block-grid__product\">\n\t\t\t\t<a href=\"https:\/\/www.ailegelisimatolyesi-akademi.com\/index.php\/urun\/ileri-duzey-zihin-kurami-ve-sosyal-beceriler-vaka-bulusmalari-2\/\" class=\"wc-block-grid__product-link\">\n\t\t\t\t\t\n\t\t\t\t\t<div class=\"wc-block-grid__product-image\"><img loading=\"lazy\" decoding=\"async\" width=\"420\" height=\"467\" src=\"https:\/\/www.ailegelisimatolyesi-akademi.com\/wp-content\/uploads\/2025\/10\/VAKA-BULUSMALARI-8ARALIK-2025-AFIS-420x467.png\" class=\"attachment-woocommerce_thumbnail size-woocommerce_thumbnail\" alt=\"\u0130leri D\u00fczey Zihin Kuram\u0131 Ve Sosyal Beceriler\/ VAK&#039;A BULU\u015eMALARI- 2\" srcset=\"https:\/\/www.ailegelisimatolyesi-akademi.com\/wp-content\/uploads\/2025\/10\/VAKA-BULUSMALARI-8ARALIK-2025-AFIS-420x467.png 420w, https:\/\/www.ailegelisimatolyesi-akademi.com\/wp-content\/uploads\/2025\/10\/VAKA-BULUSMALARI-8ARALIK-2025-AFIS-270x300.png 270w, https:\/\/www.ailegelisimatolyesi-akademi.com\/wp-content\/uploads\/2025\/10\/VAKA-BULUSMALARI-8ARALIK-2025-AFIS-230x256.png 230w, https:\/\/www.ailegelisimatolyesi-akademi.com\/wp-content\/uploads\/2025\/10\/VAKA-BULUSMALARI-8ARALIK-2025-AFIS-350x389.png 350w, https:\/\/www.ailegelisimatolyesi-akademi.com\/wp-content\/uploads\/2025\/10\/VAKA-BULUSMALARI-8ARALIK-2025-AFIS-480x534.png 480w, https:\/\/www.ailegelisimatolyesi-akademi.com\/wp-content\/uploads\/2025\/10\/VAKA-BULUSMALARI-8ARALIK-2025-AFIS.png 607w\" sizes=\"auto, (max-width: 420px) 100vw, 420px\" \/><\/div>\n\t\t\t\t\t<div class=\"wc-block-grid__product-title\">\u0130leri D\u00fczey Zihin Kuram\u0131 Ve Sosyal Beceriler\/ VAK&#8217;A BULU\u015eMALARI- 2<\/div>\n\t\t\t\t<\/a>\n\t\t\t\t<div class=\"wc-block-grid__product-price price\"><span class=\"woocommerce-Price-amount amount\"><span class=\"woocommerce-Price-currencySymbol\">&#8378;<\/span>3.000,00<\/span><\/div>\n\t\t\t\t\n\t\t\t\t<div class=\"wp-block-button wc-block-grid__product-add-to-cart\"><a href=\"https:\/\/www.ailegelisimatolyesi-akademi.com\/index.php\/urun\/ileri-duzey-zihin-kurami-ve-sosyal-beceriler-vaka-bulusmalari-2\/\" aria-label=\"&ldquo;\u0130leri D\u00fczey Zihin Kuram\u0131 Ve Sosyal Beceriler\/ VAK&#039;A BULU\u015eMALARI- 2&rdquo; hakk\u0131nda daha fazla bilgi edinin\" data-quantity=\"1\" data-product_id=\"2481\" data-product_sku=\"\" data-price=\"3000\" rel=\"nofollow\" class=\"wp-block-button__link  add_to_cart_button\">Devam\u0131n\u0131 oku<\/a><\/div>\n\t\t\t<\/li><\/ul><\/div><\/div>\n<\/div>\n","protected":false},"excerpt":{"rendered":"","protected":false},"author":1,"featured_media":0,"parent":0,"menu_order":0,"comment_status":"closed","ping_status":"closed","template":"","meta":{"_price":"","_stock":"","_tribe_ticket_header":"","_tribe_default_ticket_provider":"","_tribe_ticket_capacity":"0","_ticket_start_date":"","_ticket_end_date":"","_tribe_ticket_show_description":"","_tribe_ticket_show_not_going":false,"_tribe_ticket_use_global_stock":"","_tribe_ticket_global_stock_level":"","_global_stock_mode":"","_global_stock_cap":"","_tribe_rsvp_for_event":"","_tribe_ticket_going_count":"","_tribe_ticket_not_going_count":"","_tribe_tickets_list":"[]","_tribe_ticket_has_attendee_info_fields":false,"_themeisle_gutenberg_block_has_review":false,"footnotes":"","_tec_slr_enabled":"","_tec_slr_layout":""},"class_list":["post-233","page","type-page","status-publish","hentry"],"ticketed":false,"_links":{"self":[{"href":"https:\/\/www.ailegelisimatolyesi-akademi.com\/index.php\/wp-json\/wp\/v2\/pages\/233","targetHints":{"allow":["GET"]}}],"collection":[{"href":"https:\/\/www.ailegelisimatolyesi-akademi.com\/index.php\/wp-json\/wp\/v2\/pages"}],"about":[{"href":"https:\/\/www.ailegelisimatolyesi-akademi.com\/index.php\/wp-json\/wp\/v2\/types\/page"}],"author":[{"embeddable":true,"href":"https:\/\/www.ailegelisimatolyesi-akademi.com\/index.php\/wp-json\/wp\/v2\/users\/1"}],"replies":[{"embeddable":true,"href":"https:\/\/www.ailegelisimatolyesi-akademi.com\/index.php\/wp-json\/wp\/v2\/comments?post=233"}],"version-history":[{"count":1,"href":"https:\/\/www.ailegelisimatolyesi-akademi.com\/index.php\/wp-json\/wp\/v2\/pages\/233\/revisions"}],"predecessor-version":[{"id":316,"href":"https:\/\/www.ailegelisimatolyesi-akademi.com\/index.php\/wp-json\/wp\/v2\/pages\/233\/revisions\/316"}],"wp:attachment":[{"href":"https:\/\/www.ailegelisimatolyesi-akademi.com\/index.php\/wp-json\/wp\/v2\/media?parent=233"}],"curies":[{"name":"wp","href":"https:\/\/api.w.org\/{rel}","templated":true}]}}